{"id":3382,"date":"2022-05-31T14:54:30","date_gmt":"2022-05-31T14:54:30","guid":{"rendered":"https:\/\/gracia.escolateresiana.com\/familias\/"},"modified":"2024-03-12T08:27:44","modified_gmt":"2024-03-12T08:27:44","slug":"familias","status":"publish","type":"page","link":"https:\/\/gracia.escolateresiana.com\/es\/familias\/","title":{"rendered":"Familias"},"content":{"rendered":"<p>[vc_row css_animation=\u00bb\u00bb row_type=\u00bbrow\u00bb use_row_as_full_screen_section=\u00bbno\u00bb type=\u00bbfull_width\u00bb angled_section=\u00bbno\u00bb text_align=\u00bbleft\u00bb background_image_as_pattern=\u00bbwithout_pattern\u00bb][vc_column]\n\t\t\t<!-- START FAMILIES REVOLUTION SLIDER 6.5.14 --><p class=\"rs-p-wp-fix\"><\/p>\n\t\t\t<rs-module-wrap id=\"rev_slider_13_1_wrapper\" data-source=\"gallery\" style=\"visibility:hidden;background:transparent;padding:0;margin:0px auto;margin-top:0;margin-bottom:0;\">\n\t\t\t\t<rs-module id=\"rev_slider_13_1\" style=\"\" data-version=\"6.5.14\">\n\t\t\t\t\t<rs-slides>\n\t\t\t\t\t\t<rs-slide style=\"position: absolute;\" data-key=\"rs-15\" data-title=\"Slide\" data-in=\"o:0;\" data-out=\"a:false;\">\n\t\t\t\t\t\t\t<img decoding=\"async\" src=\"\/\/gracia.escolateresiana.com\/wp-content\/plugins\/revslider\/public\/assets\/assets\/dummy.png\" alt=\"Slide\" title=\"Familias\" class=\"rev-slidebg tp-rs-img rs-lazyload\" data-lazyload=\"\/\/gracia.escolateresiana.com\/wp-content\/plugins\/revslider\/public\/assets\/assets\/transparent.png\" data-bg=\"c:#45ac34;\" data-no-retina>\n<!--\n\t\t\t\t\t\t\t--><rs-layer\n\t\t\t\t\t\t\t\tid=\"slider-13-slide-15-layer-0\" \n\t\t\t\t\t\t\t\tclass=\"rs-fsv rs-layer-video intrinsic-ignore\"\n\t\t\t\t\t\t\t\tdata-type=\"video\"\n\t\t\t\t\t\t\t\tdata-rsp_ch=\"on\"\n\t\t\t\t\t\t\t\tdata-xy=\"x:0;y:0;\"\n\t\t\t\t\t\t\t\tdata-text=\"w:normal;\"\n\t\t\t\t\t\t\t\tdata-dim=\"w:100%;h:100%;\"\n\t\t\t\t\t\t\t\tdata-basealign=\"slide\"\n\t\t\t\t\t\t\t\tdata-video=\"vfc:true;vd:100;fc:true;l:true;ptimer:false;nse:f;\"\n\t\t\t\t\t\t\t\tdata-poster=\"\/\/gracia.escolateresiana.com\/wp-content\/uploads\/revslider\/video-media\/VIDEO-FEAC_15_layer.jpeg\"\n\t\t\t\t\t\t\t\tdata-mp4=\"\/\/gracia.escolateresiana.com\/wp-content\/uploads\/2023\/01\/VIDEO-FEAC.mp4\"\n\t\t\t\t\t\t\t\tdata-frame_999=\"o:0;st:w;sR:8700;\"\n\t\t\t\t\t\t\t\tstyle=\"z-index:8;\"\n\t\t\t\t\t\t\t>\n\t\t\t\t\t\t\t<\/rs-layer><!--\n-->\t\t\t\t\t\t<\/rs-slide>\n\t\t\t\t\t<\/rs-slides>\n\t\t\t\t<\/rs-module>\n\t\t\t\t<script>\n\t\t\t\t\tsetREVStartSize({c: 'rev_slider_13_1',rl:[1240,1024,778,480],el:[700],gw:[ 1280],gh:[700],type:'standard',justify:'',layout:'fullwidth',mh:\"0\"});if (window.RS_MODULES!==undefined && window.RS_MODULES.modules!==undefined && window.RS_MODULES.modules[\"revslider131\"]!==undefined) {window.RS_MODULES.modules[\"revslider131\"].once = false;window.revapi13 = undefined;if (window.RS_MODULES.checkMinimal!==undefined) window.RS_MODULES.checkMinimal()}\n\t\t\t\t<\/script>\n\t\t\t<\/rs-module-wrap>\n\t\t\t<!-- END REVOLUTION SLIDER -->\n[\/vc_column][\/vc_row][vc_row css_animation=\u00bb\u00bb row_type=\u00bbrow\u00bb use_row_as_full_screen_section=\u00bbno\u00bb type=\u00bbfull_width\u00bb angled_section=\u00bbno\u00bb text_align=\u00bbleft\u00bb background_image_as_pattern=\u00bbwithout_pattern\u00bb][vc_column][qode_elements_holder number_of_columns=\u00bbtwo_columns\u00bb][qode_elements_holder_item advanced_animations=\u00bbno\u00bb][vc_single_image image=\u00bb3171&#8243; img_size=\u00bbfull\u00bb qode_css_animation=\u00bb\u00bb][\/qode_elements_holder_item][qode_elements_holder_item cover=\u00bbyes\u00bb advanced_animations=\u00bbno\u00bb item_padding=\u00bb0px 30px 0px 30px\u00bb background_image=\u00bb739&#8243;][vc_column_text]<\/p>\n<h2><span style=\"color: #ffffff;\">EDUCAMOS JUNTOS<\/span><\/h2>\n<p>[\/vc_column_text][vc_column_text]<\/p>\n<h4 style=\"font-family: Dancing Script; font-size: 34px; line-height: 150%;\"><span style=\"color: #ffffff;\">\u00abValoramos la atenci\u00f3n personalizada que recibimos de todos los profesionales de la escuela basada en la confianza, el respeto y la colaboraci\u00f3n\u00bb.<\/span><\/h4>\n<p>[\/vc_column_text][\/qode_elements_holder_item][\/qode_elements_holder][\/vc_column][\/vc_row][vc_row css_animation=\u00bb\u00bb row_type=\u00bbrow\u00bb use_row_as_full_screen_section=\u00bbno\u00bb type=\u00bbgrid\u00bb angled_section=\u00bbno\u00bb text_align=\u00bbleft\u00bb background_image_as_pattern=\u00bbwithout_pattern\u00bb z_index=\u00bb\u00bb background_color=\u00bb#ffffff\u00bb][vc_column][qode_elements_holder background_color=\u00bb#ffffff\u00bb number_of_columns=\u00bbone_column\u00bb][qode_elements_holder_item advanced_animations=\u00bbno\u00bb][vc_empty_space height=\u00bb50px\u00bb][vc_column_text]<\/p>\n<h3 style=\"text-align: center;\">Las familias son miembros clave de nuestra comunidad educativa. Participan en los diversos \u00e1mbitos de la vida de la escuela y de las aulas, la enriquecen y la fortalecen.<\/h3>\n<p>[\/vc_column_text][vc_empty_space height=\u00bb50px\u00bb][\/qode_elements_holder_item][\/qode_elements_holder][\/vc_column][\/vc_row][vc_row css_animation=\u00bb\u00bb row_type=\u00bbrow\u00bb use_row_as_full_screen_section=\u00bbno\u00bb type=\u00bbfull_width\u00bb angled_section=\u00bbno\u00bb text_align=\u00bbleft\u00bb background_image_as_pattern=\u00bbwithout_pattern\u00bb][vc_column][qode_elements_holder number_of_columns=\u00bbtwo_columns\u00bb][qode_elements_holder_item advanced_animations=\u00bbno\u00bb item_padding=\u00bb0px 30px 0px 30px\u00bb][vc_column_text]<\/p>\n<h2><span style=\"color: rgba(69,172,52,1);\">VEN A MI CLASE<\/span><\/h2>\n<p>&nbsp;<\/p>\n<p>Nos encanta poder compartir aspectos de la vida y la educaci\u00f3n de los ni\u00f1os y j\u00f3venes en el aula con madres, padres y maestros. La relaci\u00f3n directa entre las familias y la escuela es clave para un buen proceso de ense\u00f1anza-aprendizaje del alumno y su crecimiento personal y emocional. Por eso ofrecemos a las familias la participaci\u00f3n en actividades de la escuela, campa\u00f1as solidarias, exposiciones&#8230;[\/vc_column_text][\/qode_elements_holder_item][qode_elements_holder_item advanced_animations=\u00bbno\u00bb][vc_single_image image=\u00bb2875&#8243; img_size=\u00bbfull\u00bb qode_css_animation=\u00bb\u00bb][\/qode_elements_holder_item][\/qode_elements_holder][\/vc_column][\/vc_row][vc_row css_animation=\u00bb\u00bb row_type=\u00bbrow\u00bb use_row_as_full_screen_section=\u00bbno\u00bb type=\u00bbfull_width\u00bb angled_section=\u00bbno\u00bb text_align=\u00bbleft\u00bb background_image_as_pattern=\u00bbwithout_pattern\u00bb z_index=\u00bb\u00bb background_color=\u00bb#ffffff\u00bb][vc_column][vc_empty_space][\/vc_column][\/vc_row][vc_row css_animation=\u00bb\u00bb row_type=\u00bbrow\u00bb use_row_as_full_screen_section=\u00bbno\u00bb type=\u00bbfull_width\u00bb angled_section=\u00bbno\u00bb text_align=\u00bbcenter\u00bb background_image_as_pattern=\u00bbwithout_pattern\u00bb z_index=\u00bb\u00bb css=\u00bb.vc_custom_1673522775923{background-color: #ffffff !important;}\u00bb][vc_column css_animation=\u00bbfadeInDown\u00bb width=\u00bb1\/4&#8243;][vc_single_image image=\u00bb3350&#8243; img_size=\u00bbfull\u00bb qode_css_animation=\u00bb\u00bb][vc_empty_space][vc_column_text css=\u00bb.vc_custom_1677146648281{padding-right: 40px !important;padding-left: 40px !important;}\u00bb]<\/p>\n<h4 class=\"qode-info-card-title\" style=\"text-align: center;\">ASOCIACI\u00d3N DE PADRES y MADRES (AMPA)<\/h4>\n<p style=\"text-align: center;\">&nbsp;<\/p>\n<p class=\"qode-info-card-text\" style=\"text-align: center;\">El AMPA representa a las familias asociadas de la escuela y participa en las actividades que ofrece y organiza el centro:<\/p>\n<p style=\"text-align: center;\">&nbsp;<\/p>\n<p class=\"qode-info-card-text\" style=\"text-align: center;\">&#8211; Colabora en campa\u00f1as solidarias y celebraciones.<br \/>\n&#8211; Organiza actividades formativas destinadas a padres y madres.<br \/>\n&#8211; Tiene un representante en el Consejo Escolar y en la Comisi\u00f3n de Convivencia.<\/p>\n<p style=\"text-align: center;\">&nbsp;<\/p>\n<p class=\"qode-info-card-text\" style=\"text-align: center;\">Colabora en las labores del centro a trav\u00e9s de comisiones de trabajo.<\/p>\n<p style=\"text-align: center;\">&nbsp;<\/p>\n<p style=\"text-align: center;\"><a href=\"https:\/\/ampateresianesg.wordpress.com\/\">https:\/\/ampateresianesg.wordpress.com\/<\/a><\/p>\n<p>[\/vc_column_text][vc_empty_space][\/vc_column][vc_column css_animation=\u00bbfadeInUp\u00bb width=\u00bb1\/4&#8243;][vc_single_image image=\u00bb3172&#8243; img_size=\u00bbfull\u00bb qode_css_animation=\u00bb\u00bb][vc_empty_space][vc_column_text css=\u00bb.vc_custom_1710232030262{padding-right: 40px !important;padding-left: 40px !important;}\u00bb]<\/p>\n<h4 class=\"qode-info-card-title\" style=\"text-align: center;\">COMISI\u00d3N DE CONVIVENCIA<\/h4>\n<p>&nbsp;<\/p>\n<p class=\"qode-info-card-text\" style=\"text-align: center;\">Dos representantes de las familias de la escuela colaboran en el seguimiento del plan de convivencia del centro cada curso y fomentan las buenas relaciones de la comunidad educativa.<\/p>\n<p>[\/vc_column_text][vc_empty_space][\/vc_column][vc_column css_animation=\u00bbfadeInUp\u00bb width=\u00bb1\/4&#8243;][vc_single_image image=\u00bb3173&#8243; img_size=\u00bbfull\u00bb qode_css_animation=\u00bb\u00bb][vc_empty_space][vc_column_text css=\u00bb.vc_custom_1677146696862{padding-right: 40px !important;padding-left: 40px !important;}\u00bb]<\/p>\n<h4 class=\"qode-info-card-title\" style=\"text-align: center;\">CONSEJO ESCOLAR<\/h4>\n<p>&nbsp;<\/p>\n<p class=\"qode-info-card-text\" style=\"text-align: center;\">Las familias representantes participan de la vida del centro y velan por el buen funcionamiento del mismo. Hay cuatro representantes de padres y madres escogidos cada dos a\u00f1os por las propias familias de la escuela.<\/p>\n<p>[\/vc_column_text][vc_empty_space][\/vc_column][vc_column css_animation=\u00bbfadeInDown\u00bb width=\u00bb1\/4&#8243;][vc_single_image image=\u00bb3332&#8243; img_size=\u00bbfull\u00bb onclick=\u00bbcustom_link\u00bb qode_css_animation=\u00bb\u00bb link=\u00bbhttps:\/\/sso2.educamos.com\/Autenticacion\/Acceder?ReturnUrl=%2Fissue%2Fwsfed%3Fwa%3Dwsignin1.0%26wtrealm%3Dhttps%253a%252f%252fsantjosepgracia-fet-barcelona.educamos.com%252f%26wctx%3Drm%253d0%2526id%253dpassive%2526ru%253d%25252f%26wct%3D2022-11-21T15%253a02%253a19Z\u00bb][vc_empty_space][vc_column_text css=\u00bb.vc_custom_1677146709990{padding-right: 40px !important;padding-left: 40px !important;}\u00bb]<\/p>\n<h4 class=\"qode-info-card-title\" style=\"text-align: center;\">EDUCAMOS: plataforma de comunicaci\u00f3n<\/h4>\n<p>&nbsp;<\/p>\n<p class=\"qode-info-card-text\" style=\"text-align: center;\">Plataforma educativa que integra distintos \u00e1mbitos de la vida de la escuela: pedag\u00f3gico, de gesti\u00f3n y de comunicaci\u00f3n. Pretende favorecer la comunicaci\u00f3n \u00e1gil y directa con las familias y permite tener informaci\u00f3n sobre el proceso acad\u00e9mico de sus hijos e hijas.<\/p>\n<p>[\/vc_column_text][vc_empty_space]<a  itemprop=\"url\" href=\"https:\/\/sso2.educamos.com\/Autenticacion\/Acceder?ReturnUrl=%2Fissue%2Fwsfed%3Fwa%3Dwsignin1.0%26wtrealm%3Dhttps%253a%252f%252fsantjosepgracia-fet-barcelona.educamos.com%252f%26wctx%3Drm%253d0%2526id%253dpassive%2526ru%253d%25252f%26wct%3D2022-11-21T15%253a02%253a19Z\" target=\"_blank\"  class=\"qbutton  large center default\" style=\"border-radius: 0px;-moz-border-radius: 0px;-webkit-border-radius: 0px; \">ENTRAR EN EDUCAMOS<\/a>[vc_empty_space][\/vc_column][\/vc_row][vc_row css_animation=\u00bb\u00bb row_type=\u00bbrow\u00bb use_row_as_full_screen_section=\u00bbno\u00bb type=\u00bbfull_width\u00bb angled_section=\u00bbno\u00bb text_align=\u00bbleft\u00bb background_image_as_pattern=\u00bbwithout_pattern\u00bb z_index=\u00bb\u00bb background_color=\u00bb#ffffff\u00bb][vc_column][vc_empty_space][\/vc_column][\/vc_row]<\/p>\n","protected":false},"excerpt":{"rendered":"<p>[vc_row css_animation=\u00bb\u00bb row_type=\u00bbrow\u00bb use_row_as_full_screen_section=\u00bbno\u00bb type=\u00bbfull_width\u00bb angled_section=\u00bbno\u00bb text_align=\u00bbleft\u00bb background_image_as_pattern=\u00bbwithout_pattern\u00bb][vc_column][\/vc_column][\/vc_row][vc_row css_animation=\u00bb\u00bb row_type=\u00bbrow\u00bb use_row_as_full_screen_section=\u00bbno\u00bb type=\u00bbfull_width\u00bb angled_section=\u00bbno\u00bb text_align=\u00bbleft\u00bb background_image_as_pattern=\u00bbwithout_pattern\u00bb][vc_column][qode_elements_holder number_of_columns=\u00bbtwo_columns\u00bb][qode_elements_holder_item advanced_animations=\u00bbno\u00bb][vc_single_image image=\u00bb3171&#8243; img_size=\u00bbfull\u00bb qode_css_animation=\u00bb\u00bb][\/qode_elements_holder_item][qode_elements_holder_item cover=\u00bbyes\u00bb advanced_animations=\u00bbno\u00bb item_padding=\u00bb0px 30px 0px 30px\u00bb background_image=\u00bb739&#8243;][vc_column_text] EDUCAMOS JUNTOS [\/vc_column_text][vc_column_text] \u00abValoramos la atenci\u00f3n personalizada que recibimos de todos los profesionales de la escuela basada en&#8230;<\/p>\n","protected":false},"author":1,"featured_media":0,"parent":0,"menu_order":0,"comment_status":"closed","ping_status":"closed","template":"full_width.php","meta":{"ngg_post_thumbnail":0,"footnotes":""},"class_list":["post-3382","page","type-page","status-publish","hentry"],"_links":{"self":[{"href":"https:\/\/gracia.escolateresiana.com\/es\/wp-json\/wp\/v2\/pages\/3382","targetHints":{"allow":["GET"]}}],"collection":[{"href":"https:\/\/gracia.escolateresiana.com\/es\/wp-json\/wp\/v2\/pages"}],"about":[{"href":"https:\/\/gracia.escolateresiana.com\/es\/wp-json\/wp\/v2\/types\/page"}],"author":[{"embeddable":true,"href":"https:\/\/gracia.escolateresiana.com\/es\/wp-json\/wp\/v2\/users\/1"}],"replies":[{"embeddable":true,"href":"https:\/\/gracia.escolateresiana.com\/es\/wp-json\/wp\/v2\/comments?post=3382"}],"version-history":[{"count":8,"href":"https:\/\/gracia.escolateresiana.com\/es\/wp-json\/wp\/v2\/pages\/3382\/revisions"}],"predecessor-version":[{"id":3780,"href":"https:\/\/gracia.escolateresiana.com\/es\/wp-json\/wp\/v2\/pages\/3382\/revisions\/3780"}],"wp:attachment":[{"href":"https:\/\/gracia.escolateresiana.com\/es\/wp-json\/wp\/v2\/media?parent=3382"}],"curies":[{"name":"wp","href":"https:\/\/api.w.org\/{rel}","templated":true}]}}