{"id":3383,"date":"2022-05-26T10:42:24","date_gmt":"2022-05-26T10:42:24","guid":{"rendered":"https:\/\/gracia.escolateresiana.com\/infantil\/"},"modified":"2024-05-16T13:58:25","modified_gmt":"2024-05-16T13:58:25","slug":"infantil","status":"publish","type":"page","link":"https:\/\/gracia.escolateresiana.com\/es\/infantil\/","title":{"rendered":"Infantil"},"content":{"rendered":"<p>[vc_row css_animation=\u00bb\u00bb row_type=\u00bbrow\u00bb use_row_as_full_screen_section=\u00bbno\u00bb type=\u00bbfull_width\u00bb angled_section=\u00bbno\u00bb text_align=\u00bbleft\u00bb background_image_as_pattern=\u00bbwithout_pattern\u00bb][vc_column]\n\t\t\t<!-- START INFANTIL REVOLUTION SLIDER 6.5.14 --><p class=\"rs-p-wp-fix\"><\/p>\n\t\t\t<rs-module-wrap id=\"rev_slider_15_1_wrapper\" data-source=\"gallery\" style=\"visibility:hidden;background:transparent;padding:0;margin:0px auto;margin-top:0;margin-bottom:0;\">\n\t\t\t\t<rs-module id=\"rev_slider_15_1\" style=\"\" data-version=\"6.5.14\">\n\t\t\t\t\t<rs-slides>\n\t\t\t\t\t\t<rs-slide style=\"position: absolute;\" data-key=\"rs-17\" data-title=\"Slide\" data-in=\"o:0;\" data-out=\"a:false;\">\n\t\t\t\t\t\t\t<img decoding=\"async\" src=\"\/\/gracia.escolateresiana.com\/wp-content\/plugins\/revslider\/public\/assets\/assets\/dummy.png\" alt=\"Slide\" title=\"Infantil\" class=\"rev-slidebg tp-rs-img rs-lazyload\" data-lazyload=\"\/\/gracia.escolateresiana.com\/wp-content\/plugins\/revslider\/public\/assets\/assets\/transparent.png\" data-bg=\"c:#45ac34;\" data-no-retina>\n<!--\n\t\t\t\t\t\t\t--><rs-layer\n\t\t\t\t\t\t\t\tid=\"slider-15-slide-17-layer-0\" \n\t\t\t\t\t\t\t\tclass=\"rs-fsv rs-layer-video intrinsic-ignore\"\n\t\t\t\t\t\t\t\tdata-type=\"video\"\n\t\t\t\t\t\t\t\tdata-rsp_ch=\"on\"\n\t\t\t\t\t\t\t\tdata-xy=\"x:0;y:0;\"\n\t\t\t\t\t\t\t\tdata-text=\"w:normal;\"\n\t\t\t\t\t\t\t\tdata-dim=\"w:100%;h:100%;\"\n\t\t\t\t\t\t\t\tdata-basealign=\"slide\"\n\t\t\t\t\t\t\t\tdata-video=\"vfc:true;vd:100;fc:true;l:true;ptimer:false;nse:f;\"\n\t\t\t\t\t\t\t\tdata-poster=\"\/\/gracia.escolateresiana.com\/wp-content\/uploads\/revslider\/video-media\/VIDEO-3-INFANTIL_17_layer.jpeg\"\n\t\t\t\t\t\t\t\tdata-mp4=\"\/\/gracia.escolateresiana.com\/wp-content\/uploads\/2023\/02\/VIDEO-3-INFANTIL.mp4\"\n\t\t\t\t\t\t\t\tdata-frame_999=\"o:0;st:w;sR:8700;\"\n\t\t\t\t\t\t\t\tstyle=\"z-index:8;\"\n\t\t\t\t\t\t\t>\n\t\t\t\t\t\t\t<\/rs-layer><!--\n-->\t\t\t\t\t\t<\/rs-slide>\n\t\t\t\t\t<\/rs-slides>\n\t\t\t\t<\/rs-module>\n\t\t\t\t<script>\n\t\t\t\t\tsetREVStartSize({c: 'rev_slider_15_1',rl:[1240,1024,778,480],el:[700],gw:[ 1280],gh:[700],type:'standard',justify:'',layout:'fullwidth',mh:\"0\"});if (window.RS_MODULES!==undefined && window.RS_MODULES.modules!==undefined && window.RS_MODULES.modules[\"revslider151\"]!==undefined) {window.RS_MODULES.modules[\"revslider151\"].once = false;window.revapi15 = undefined;if (window.RS_MODULES.checkMinimal!==undefined) window.RS_MODULES.checkMinimal()}\n\t\t\t\t<\/script>\n\t\t\t<\/rs-module-wrap>\n\t\t\t<!-- END REVOLUTION SLIDER -->\n[\/vc_column][\/vc_row][vc_row css_animation=\u00bb\u00bb row_type=\u00bbrow\u00bb use_row_as_full_screen_section=\u00bbno\u00bb type=\u00bbfull_width\u00bb angled_section=\u00bbno\u00bb text_align=\u00bbleft\u00bb background_image_as_pattern=\u00bbwithout_pattern\u00bb][vc_column][qode_elements_holder number_of_columns=\u00bbtwo_columns\u00bb][qode_elements_holder_item advanced_animations=\u00bbno\u00bb][vc_single_image image=\u00bb2921&#8243; img_size=\u00bbfull\u00bb qode_css_animation=\u00bb\u00bb][\/qode_elements_holder_item][qode_elements_holder_item cover=\u00bbyes\u00bb advanced_animations=\u00bbno\u00bb item_padding=\u00bb0px 30px 0px 30px\u00bb background_image=\u00bb704&#8243;][vc_column_text]<\/p>\n<h2><span style=\"color: #45ac34;\">Infantil<\/span><\/h2>\n<p>&nbsp;<\/p>\n<h4><strong>Conocimiento, experimentaci\u00f3n y acompa\u00f1amiento<\/strong> .<\/h4>\n<p>&nbsp;<\/p>\n<p>La Educaci\u00f3n Infantil (3 a 6 a\u00f1os) es la etapa en la que los <strong>alumnos son el centro de nuestra acci\u00f3n educativa<\/strong> y es el <strong>momento de poner los fundamentos de sus aprendizajes<\/strong> . En su proceso de crecimiento queremos fomentar el desarrollo competencial de cada alumno\/a. Queremos alumnos creativos y con inter\u00e9s por aprender a partir de una <strong>educaci\u00f3n personalizada, una metodolog\u00eda activa, innovadora, l\u00fadica y global<\/strong> .[\/vc_column_text][\/qode_elements_holder_item][\/qode_elements_holder][\/vc_column][\/vc_row][vc_row css_animation=\u00bb\u00bb row_type=\u00bbrow\u00bb use_row_as_full_screen_section=\u00bbno\u00bb type=\u00bbfull_width\u00bb angled_section=\u00bbno\u00bb text_align=\u00bbleft\u00bb background_image_as_pattern=\u00bbwithout_pattern\u00bb][vc_column][vc_empty_space height=\u00bb90px\u00bb][\/vc_column][\/vc_row][vc_row css_animation=\u00bb\u00bb row_type=\u00bbrow\u00bb use_row_as_full_screen_section=\u00bbno\u00bb type=\u00bbgrid\u00bb angled_section=\u00bbno\u00bb text_align=\u00bbleft\u00bb background_image_as_pattern=\u00bbwithout_pattern\u00bb z_index=\u00bb\u00bb][vc_column css_animation=\u00bbfadeIn\u00bb width=\u00bb1\/2&#8243; css=\u00bb.vc_custom_1673357369377{padding-top: 30px !important;padding-right: 30px !important;padding-bottom: 30px !important;padding-left: 30px !important;background-color: #cdeff2 !important;}\u00bb]<div class=\"qode-accordion-holder clearfix qode-toggle qode-initial \">\n\t<h4 class=\"clearfix qode-title-holder\">\n<span class=\"qode-tab-title\">\n\t    <span class=\"qode-tab-title-inner\">\n        ENGLISH TIME    <\/span>\n<\/span>\n<span class=\"qode-accordion-mark\">\n    <span class=\"qode-accordion-mark-icon\">\n        <span class=\"icon_plus\"><\/span>\n        <span class=\"icon_minus-06\"><\/span>\n    <\/span>\n<\/span>\n<\/h4>\n<div  class=\"qode-accordion-content \" >\n    <div class=\"qode-accordion-content-inner\">\n        [vc_column_text]Los ni\u00f1os entran en contacto con este nuevo idioma de forma muy l\u00fadica, sencilla y natural con Cambridge donde los ni\u00f1os son los propios protagonistas de su aprendizaje.<br \/>\nPotenciamos la lengua inglesa con 5 horas a la semana en la asignatura de Arts &amp; Crafts, que fomenta la creatividad y la imaginaci\u00f3n con las artes pl\u00e1sticas y la realizaci\u00f3n de diferentes actividades l\u00fadicas, cuentos y talleres. <strong>Puedes mejorar el ingl\u00e9s con Kids &amp; Us de forma extraescolar.<\/strong>[\/vc_column_text][vc_empty_space][vc_gallery type=\u00bbimage_grid\u00bb images=\u00bb3182,3183,3184&#8243; img_size=\u00bbfull\u00bb column_number=\u00bb3&#8243; grayscale=\u00bbno\u00bb images_space=\u00bbgallery_without_space\u00bb]    <\/div>\n<\/div><h4 class=\"clearfix qode-title-holder\">\n<span class=\"qode-tab-title\">\n\t    <span class=\"qode-tab-title-inner\">\n        AMBIENTES y SITUACIONES DE APRENDIZAJE    <\/span>\n<\/span>\n<span class=\"qode-accordion-mark\">\n    <span class=\"qode-accordion-mark-icon\">\n        <span class=\"icon_plus\"><\/span>\n        <span class=\"icon_minus-06\"><\/span>\n    <\/span>\n<\/span>\n<\/h4>\n<div  class=\"qode-accordion-content \" >\n    <div class=\"qode-accordion-content-inner\">\n        [vc_column_text]Los ambientes son diferentes espacios de aprendizaje, de relaci\u00f3n y comunicaci\u00f3n donde a partir de distintas propuestas los ni\u00f1os pueden actuar, observar, experimentar, construir, inventar, imaginar, compartir, relacionarse, emocionarse\u2026 e interactuar con los dem\u00e1s.[\/vc_column_text][vc_empty_space][vc_gallery type=\u00bbimage_grid\u00bb images=\u00bb2927,2928,2929&#8243; img_size=\u00bbfull\u00bb column_number=\u00bb3&#8243; grayscale=\u00bbno\u00bb images_space=\u00bbgallery_without_space\u00bb]    <\/div>\n<\/div><h4 class=\"clearfix qode-title-holder\">\n<span class=\"qode-tab-title\">\n\t    <span class=\"qode-tab-title-inner\">\n        EMAT    <\/span>\n<\/span>\n<span class=\"qode-accordion-mark\">\n    <span class=\"qode-accordion-mark-icon\">\n        <span class=\"icon_plus\"><\/span>\n        <span class=\"icon_minus-06\"><\/span>\n    <\/span>\n<\/span>\n<\/h4>\n<div  class=\"qode-accordion-content \" >\n    <div class=\"qode-accordion-content-inner\">\n        [vc_column_text]Trabajamos las matem\u00e1ticas a partir de esta propuesta l\u00fadica basada en las inteligencias m\u00faltiples. Su metodolog\u00eda manipulativa y que fomenta el desarrollo competencial nos ayuda a conseguir que los alumnos disfruten del \u00e1rea y muestren inter\u00e9s por conseguir nuevos retos.[\/vc_column_text][vc_empty_space][vc_gallery type=\u00bbimage_grid\u00bb images=\u00bb2930,2931&#8243; img_size=\u00bbfull\u00bb column_number=\u00bb2&#8243; grayscale=\u00bbno\u00bb images_space=\u00bbgallery_without_space\u00bb]    <\/div>\n<\/div><h4 class=\"clearfix qode-title-holder\">\n<span class=\"qode-tab-title\">\n\t    <span class=\"qode-tab-title-inner\">\n        LECTOESCRITURA    <\/span>\n<\/span>\n<span class=\"qode-accordion-mark\">\n    <span class=\"qode-accordion-mark-icon\">\n        <span class=\"icon_plus\"><\/span>\n        <span class=\"icon_minus-06\"><\/span>\n    <\/span>\n<\/span>\n<\/h4>\n<div  class=\"qode-accordion-content \" >\n    <div class=\"qode-accordion-content-inner\">\n        [vc_column_text]Proyecto de lectura y escritura para aprender a leer y escribir de una forma l\u00fadica y divertida.<\/p>\n<p>&nbsp;<\/p>\n<p>Se fomenta el aprendizaje de la lectura y la escritura seg\u00fan sus capacidades y respetando su ritmo madurativo. Todo ese conocimiento lo desarrollan mediante los rincones.[\/vc_column_text][vc_empty_space][vc_gallery type=\u00bbimage_grid\u00bb images=\u00bb2932,2933,2934,2935&#8243; img_size=\u00bbfull\u00bb column_number=\u00bb2&#8243; grayscale=\u00bbno\u00bb images_space=\u00bbgallery_without_space\u00bb]    <\/div>\n<\/div><h4 class=\"clearfix qode-title-holder\">\n<span class=\"qode-tab-title\">\n\t    <span class=\"qode-tab-title-inner\">\n        PSICOMOTRICIDAD    <\/span>\n<\/span>\n<span class=\"qode-accordion-mark\">\n    <span class=\"qode-accordion-mark-icon\">\n        <span class=\"icon_plus\"><\/span>\n        <span class=\"icon_minus-06\"><\/span>\n    <\/span>\n<\/span>\n<\/h4>\n<div  class=\"qode-accordion-content \" >\n    <div class=\"qode-accordion-content-inner\">\n        [vc_column_text]La iniciaci\u00f3n al deporte es fundamental en la etapa de Infantil Por eso, trabajamos y fomentamos las habilidades motrices del alumnado de forma l\u00fadica, apostando por el desarrollo cognitivo, comunicativo y afectivo.<\/p>\n<p>&nbsp;<\/p>\n<p>El juego es el centro del \u00e1rea.[\/vc_column_text][vc_empty_space][vc_gallery type=\u00bbimage_grid\u00bb images=\u00bb3185,3186,3187&#8243; img_size=\u00bbfull\u00bb column_number=\u00bb3&#8243; grayscale=\u00bbno\u00bb images_space=\u00bbgallery_without_space\u00bb]    <\/div>\n<\/div><h4 class=\"clearfix qode-title-holder\">\n<span class=\"qode-tab-title\">\n\t    <span class=\"qode-tab-title-inner\">\n        PLAN DE INTERIORIDAD MirarTE    <\/span>\n<\/span>\n<span class=\"qode-accordion-mark\">\n    <span class=\"qode-accordion-mark-icon\">\n        <span class=\"icon_plus\"><\/span>\n        <span class=\"icon_minus-06\"><\/span>\n    <\/span>\n<\/span>\n<\/h4>\n<div  class=\"qode-accordion-content \" >\n    <div class=\"qode-accordion-content-inner\">\n        [vc_column_text]A trav\u00e9s de este programa nos acercamos al interior de la persona, al interior de cada uno. Queremos que sirva para descubrir la propia riqueza interior y les permita acercarse a los dem\u00e1s, al mundo y a la trascendencia.<\/p>\n<p>&nbsp;<\/p>\n<p><img loading=\"lazy\" decoding=\"async\" class=\"wp-image-2061 size-medium aligncenter\" src=\"https:\/\/gracia.escolateresiana.com\/wp-content\/uploads\/2023\/02\/mirarte-til-1-300x242.jpg\" alt=\"\" width=\"300\" height=\"242\" srcset=\"https:\/\/gracia.escolateresiana.com\/wp-content\/uploads\/2023\/02\/mirarte-til-1-300x242.jpg 300w, https:\/\/gracia.escolateresiana.com\/wp-content\/uploads\/2023\/02\/mirarte-til-1.jpg 433w\" sizes=\"auto, (max-width: 300px) 100vw, 300px\" \/>[\/vc_column_text][vc_gallery type=\u00bbimage_grid\u00bb images=\u00bb3189,3190,3191&#8243; img_size=\u00bbfull\u00bb column_number=\u00bb3&#8243; grayscale=\u00bbno\u00bb images_space=\u00bbgallery_without_space\u00bb]    <\/div>\n<\/div><h4 class=\"clearfix qode-title-holder\">\n<span class=\"qode-tab-title\">\n\t    <span class=\"qode-tab-title-inner\">\n        PLAN DE ACCI\u00d3N TUTORIAL Acompa\u00f1arte    <\/span>\n<\/span>\n<span class=\"qode-accordion-mark\">\n    <span class=\"qode-accordion-mark-icon\">\n        <span class=\"icon_plus\"><\/span>\n        <span class=\"icon_minus-06\"><\/span>\n    <\/span>\n<\/span>\n<\/h4>\n<div  class=\"qode-accordion-content \" >\n    <div class=\"qode-accordion-content-inner\">\n        [vc_column_text]El objetivo de nuestro Plan de Acci\u00f3n Tutorial es poder acompa\u00f1ar a nuestro alumnado en su crecimiento personal, emocional y social.<\/p>\n<p>&nbsp;<\/p>\n<p>Este Plan ha sido dise\u00f1ado por la Fundaci\u00f3n Escuela Teresiana.<\/p>\n<p><img loading=\"lazy\" decoding=\"async\" class=\"size-full wp-image-3910 aligncenter\" src=\"https:\/\/gracia.escolateresiana.com\/wp-content\/uploads\/2024\/05\/acom-cast-300x300-1.png\" alt=\"\" width=\"300\" height=\"300\" srcset=\"https:\/\/gracia.escolateresiana.com\/wp-content\/uploads\/2024\/05\/acom-cast-300x300-1.png 300w, https:\/\/gracia.escolateresiana.com\/wp-content\/uploads\/2024\/05\/acom-cast-300x300-1-150x150.png 150w\" sizes=\"auto, (max-width: 300px) 100vw, 300px\" \/>[\/vc_column_text][vc_gallery type=\u00bbimage_grid\u00bb images=\u00bb3192,3193,3194&#8243; img_size=\u00bbfull\u00bb column_number=\u00bb3&#8243; grayscale=\u00bbno\u00bb images_space=\u00bbgallery_without_space\u00bb]    <\/div>\n<\/div><h4 class=\"clearfix qode-title-holder\">\n<span class=\"qode-tab-title\">\n\t    <span class=\"qode-tab-title-inner\">\n        APRENDIZAJE COOPERATIVO Y PROYECTOS    <\/span>\n<\/span>\n<span class=\"qode-accordion-mark\">\n    <span class=\"qode-accordion-mark-icon\">\n        <span class=\"icon_plus\"><\/span>\n        <span class=\"icon_minus-06\"><\/span>\n    <\/span>\n<\/span>\n<\/h4>\n<div  class=\"qode-accordion-content \" >\n    <div class=\"qode-accordion-content-inner\">\n        [vc_column_text]El trabajo cooperativo en nuestras aulas fomenta la autonom\u00eda, el trabajo en grupo y la cohesi\u00f3n entre los miembros de un mismo grupo.<\/p>\n<p>&nbsp;<\/p>\n<p>Los proyectos son una buena herramienta para poder desarrollar esta forma de trabajar partiendo de las inquietudes y saberes de los alumnos.[\/vc_column_text][vc_empty_space][vc_gallery type=\u00bbimage_grid\u00bb images=\u00bb3195,3196,3197&#8243; img_size=\u00bbfull\u00bb column_number=\u00bb3&#8243; grayscale=\u00bbno\u00bb images_space=\u00bbgallery_without_space\u00bb]    <\/div>\n<\/div><\/div>[\/vc_column][vc_column css_animation=\u00bbfadeIn\u00bb width=\u00bb1\/2&#8243; css=\u00bb.vc_custom_1673357373559{padding-top: 30px !important;padding-right: 30px !important;padding-bottom: 30px !important;padding-left: 30px !important;background-color: #f2cc74 !important;}\u00bb]<div class=\"qode-accordion-holder clearfix qode-toggle qode-initial \">\n\t<h4 class=\"clearfix qode-title-holder\">\n<span class=\"qode-tab-title\">\n\t    <span class=\"qode-tab-title-inner\">\n        PROYECTO DE RELIGI\u00d3N LLUVIA    <\/span>\n<\/span>\n<span class=\"qode-accordion-mark\">\n    <span class=\"qode-accordion-mark-icon\">\n        <span class=\"icon_plus\"><\/span>\n        <span class=\"icon_minus-06\"><\/span>\n    <\/span>\n<\/span>\n<\/h4>\n<div  class=\"qode-accordion-content \" >\n    <div class=\"qode-accordion-content-inner\">\n        [vc_column_text]&nbsp;<\/p>\n<p>Este proyecto ha sido dise\u00f1ado por la Fundaci\u00f3n Escuela Teresiana y pretende iniciar un proceso de acercamiento del alumnado al aprendizaje de la religi\u00f3n. Favorece el descubrimiento y la experimentaci\u00f3n de los valores de la fe cristiana.[\/vc_column_text][vc_single_image image=\u00bb3908&#8243; img_size=\u00bbmedium\u00bb alignment=\u00bbcenter\u00bb qode_css_animation=\u00bb\u00bb][vc_empty_space][vc_gallery type=\u00bbimage_grid\u00bb images=\u00bb3198,3199,3200&#8243; img_size=\u00bbfull\u00bb column_number=\u00bb3&#8243; grayscale=\u00bbno\u00bb images_space=\u00bbgallery_without_space\u00bb]    <\/div>\n<\/div><h4 class=\"clearfix qode-title-holder\">\n<span class=\"qode-tab-title\">\n\t    <span class=\"qode-tab-title-inner\">\n        EDUCACI\u00d3N EMOCIONAL    <\/span>\n<\/span>\n<span class=\"qode-accordion-mark\">\n    <span class=\"qode-accordion-mark-icon\">\n        <span class=\"icon_plus\"><\/span>\n        <span class=\"icon_minus-06\"><\/span>\n    <\/span>\n<\/span>\n<\/h4>\n<div  class=\"qode-accordion-content \" >\n    <div class=\"qode-accordion-content-inner\">\n        [vc_column_text]La educaci\u00f3n emocional es clave en el proceso de aprendizaje de los ni\u00f1os y desde la escuela la trabajamos desde peque\u00f1os. Queremos ofrecer herramientas para que sepan gestionar sus propias emociones de forma positiva y sean capaces de mejorar la tolerancia a la frustraci\u00f3n.[\/vc_column_text][vc_empty_space][vc_gallery type=\u00bbimage_grid\u00bb images=\u00bb2954,2955,2956&#8243; img_size=\u00bbfull\u00bb column_number=\u00bb3&#8243; grayscale=\u00bbno\u00bb images_space=\u00bbgallery_without_space\u00bb]    <\/div>\n<\/div><h4 class=\"clearfix qode-title-holder\">\n<span class=\"qode-tab-title\">\n\t    <span class=\"qode-tab-title-inner\">\n        ATENCI\u00d3N A LA DIVERSIDAD Y AULA SENSORIAL    <\/span>\n<\/span>\n<span class=\"qode-accordion-mark\">\n    <span class=\"qode-accordion-mark-icon\">\n        <span class=\"icon_plus\"><\/span>\n        <span class=\"icon_minus-06\"><\/span>\n    <\/span>\n<\/span>\n<\/h4>\n<div  class=\"qode-accordion-content \" >\n    <div class=\"qode-accordion-content-inner\">\n        [vc_column_text]Entendemos la diversidad como una oportunidad dentro del aula. La inclusi\u00f3n es la pieza clave para las nuevas situaciones de aprendizaje que se generan en el centro. Disponemos de servicio psicopedag\u00f3gico en la escuela que vela por las necesidades de los alumnos y fomenta el desarrollo de sus capacidades.[\/vc_column_text][vc_empty_space][vc_gallery type=\u00bbimage_grid\u00bb images=\u00bb3201,3202,3203&#8243; img_size=\u00bbfull\u00bb column_number=\u00bb3&#8243; grayscale=\u00bbno\u00bb images_space=\u00bbgallery_without_space\u00bb]    <\/div>\n<\/div><h4 class=\"clearfix qode-title-holder\">\n<span class=\"qode-tab-title\">\n\t    <span class=\"qode-tab-title-inner\">\n        EXPRESI\u00d3N ORAL    <\/span>\n<\/span>\n<span class=\"qode-accordion-mark\">\n    <span class=\"qode-accordion-mark-icon\">\n        <span class=\"icon_plus\"><\/span>\n        <span class=\"icon_minus-06\"><\/span>\n    <\/span>\n<\/span>\n<\/h4>\n<div  class=\"qode-accordion-content \" >\n    <div class=\"qode-accordion-content-inner\">\n        [vc_column_text]Uno de los grandes retos es que nuestros alumnos fomenten la comunicaci\u00f3n entre iguales desde peque\u00f1os. Partimos de sus intereses para potenciar las habilidades y capacidades comunicativas de cada uno de ellos. Queremos alumnos que disfruten de la expresi\u00f3n oral para poder iniciarse de la mejor forma posible en el proceso de la lectura.[\/vc_column_text][vc_empty_space][vc_gallery type=\u00bbimage_grid\u00bb images=\u00bb3204,3205&#8243; img_size=\u00bbfull\u00bb column_number=\u00bb2&#8243; grayscale=\u00bbno\u00bb images_space=\u00bbgallery_without_space\u00bb]    <\/div>\n<\/div><h4 class=\"clearfix qode-title-holder\">\n<span class=\"qode-tab-title\">\n\t    <span class=\"qode-tab-title-inner\">\n        M\u00daSICA    <\/span>\n<\/span>\n<span class=\"qode-accordion-mark\">\n    <span class=\"qode-accordion-mark-icon\">\n        <span class=\"icon_plus\"><\/span>\n        <span class=\"icon_minus-06\"><\/span>\n    <\/span>\n<\/span>\n<\/h4>\n<div  class=\"qode-accordion-content \" >\n    <div class=\"qode-accordion-content-inner\">\n        [vc_column_text]Desde la escuela potenciamos el aprendizaje de la m\u00fasica desde peque\u00f1os porque influye directamente en el desarrollo creativo, intelectual y psicol\u00f3gico del ni\u00f1o.<\/p>\n<p>&nbsp;<\/p>\n<p>Se inician con canciones y melod\u00edas sencillas en diferentes idiomas y algunos instrumentos guiados por el maestro.<\/p>\n<p>&nbsp;<\/p>\n<p>El centro dispone de Escuela de M\u00fasica que complementa, de forma extraescolar, el aprendizaje de esta \u00e1rea y ofrece la posibilidad de acercarse al lenguaje musical.[\/vc_column_text][vc_empty_space][vc_gallery type=\u00bbimage_grid\u00bb images=\u00bb3206,3207&#8243; img_size=\u00bbfull\u00bb column_number=\u00bb2&#8243; grayscale=\u00bbno\u00bb images_space=\u00bbgallery_without_space\u00bb]    <\/div>\n<\/div><h4 class=\"clearfix qode-title-holder\">\n<span class=\"qode-tab-title\">\n\t    <span class=\"qode-tab-title-inner\">\n        H\u00c1BITOS SALUDABLES    <\/span>\n<\/span>\n<span class=\"qode-accordion-mark\">\n    <span class=\"qode-accordion-mark-icon\">\n        <span class=\"icon_plus\"><\/span>\n        <span class=\"icon_minus-06\"><\/span>\n    <\/span>\n<\/span>\n<\/h4>\n<div  class=\"qode-accordion-content \" >\n    <div class=\"qode-accordion-content-inner\">\n        [vc_column_text]Desde la escuela velamos por los h\u00e1bitos de vida saludables en todos sus \u00e1mbitos dentro del proceso de aprendizaje del ni\u00f1o. Pretendemos fomentar estos h\u00e1bitos a trav\u00e9s de la acci\u00f3n educativa y concienciar sobre la importancia de las comidas saludables.<\/p>\n<p>&nbsp;<\/p>\n<p>Adem\u00e1s, potenciamos de forma especial la higiene personal dentro de la educaci\u00f3n integral de la persona.[\/vc_column_text][vc_empty_space][vc_gallery type=\u00bbimage_grid\u00bb images=\u00bb3208,3209,3210&#8243; img_size=\u00bbfull\u00bb column_number=\u00bb3&#8243; grayscale=\u00bbno\u00bb images_space=\u00bbgallery_without_space\u00bb]    <\/div>\n<\/div><h4 class=\"clearfix qode-title-holder\">\n<span class=\"qode-tab-title\">\n\t    <span class=\"qode-tab-title-inner\">\n        COMPROMISO CON EL MUNDO    <\/span>\n<\/span>\n<span class=\"qode-accordion-mark\">\n    <span class=\"qode-accordion-mark-icon\">\n        <span class=\"icon_plus\"><\/span>\n        <span class=\"icon_minus-06\"><\/span>\n    <\/span>\n<\/span>\n<\/h4>\n<div  class=\"qode-accordion-content \" >\n    <div class=\"qode-accordion-content-inner\">\n        [vc_column_text]Fomentamos desde peque\u00f1os la educaci\u00f3n en valores (somos Escuela UNESCO) y trabajamos de manera especial la sostenibilidad y la solidaridad. Queremos alumnos sensibles ante el cuidado de uno mismo, del otro y&nbsp; de nuestro planeta. Potenciamos actividades y campa\u00f1as solidarias para favorecer la importancia del voluntariado en nuestra sociedad.[\/vc_column_text][vc_empty_space][vc_gallery type=\u00bbimage_grid\u00bb images=\u00bb3211,3212,3213&#8243; img_size=\u00bbfull\u00bb column_number=\u00bb3&#8243; grayscale=\u00bbno\u00bb images_space=\u00bbgallery_without_space\u00bb]    <\/div>\n<\/div><h4 class=\"clearfix qode-title-holder\">\n<span class=\"qode-tab-title\">\n\t    <span class=\"qode-tab-title-inner\">\n        ROB\u00d3TICA    <\/span>\n<\/span>\n<span class=\"qode-accordion-mark\">\n    <span class=\"qode-accordion-mark-icon\">\n        <span class=\"icon_plus\"><\/span>\n        <span class=\"icon_minus-06\"><\/span>\n    <\/span>\n<\/span>\n<\/h4>\n<div  class=\"qode-accordion-content \" >\n    <div class=\"qode-accordion-content-inner\">\n        [vc_column_text]Los alumnos inician su camino digital a trav\u00e9s de sus primeros pasos con la tecnolog\u00eda a partir del uso progresivo, prudente y coherente de robots y tabletas.<\/p>\n<p>&nbsp;<\/p>\n<p>El pensamiento l\u00f3gico es parte importante de su desarrollo y lo consideramos una herramienta m\u00e1s de su crecimiento personal dentro de un mundo tan tecnol\u00f3gico.[\/vc_column_text][vc_empty_space][vc_gallery type=\u00bbimage_grid\u00bb images=\u00bb3214,3215,3216&#8243; img_size=\u00bbfull\u00bb column_number=\u00bb3&#8243; grayscale=\u00bbno\u00bb images_space=\u00bbgallery_without_space\u00bb]    <\/div>\n<\/div><\/div>[\/vc_column][\/vc_row][vc_row css_animation=\u00bb\u00bb row_type=\u00bbrow\u00bb use_row_as_full_screen_section=\u00bbno\u00bb type=\u00bbfull_width\u00bb angled_section=\u00bbno\u00bb text_align=\u00bbleft\u00bb background_image_as_pattern=\u00bbwithout_pattern\u00bb][vc_column][vc_empty_space height=\u00bb90px\u00bb][\/vc_column][\/vc_row][vc_row css_animation=\u00bb\u00bb row_type=\u00bbrow\u00bb use_row_as_full_screen_section=\u00bbno\u00bb type=\u00bbfull_width\u00bb angled_section=\u00bbno\u00bb text_align=\u00bbleft\u00bb background_image_as_pattern=\u00bbwithout_pattern\u00bb][vc_column][vc_gallery type=\u00bbimage_grid\u00bb images=\u00bb2973,2974,2975,2976&#8243; img_size=\u00bbfull\u00bb column_number=\u00bb4&#8243; grayscale=\u00bbno\u00bb images_space=\u00bbgallery_without_space\u00bb][\/vc_column][\/vc_row]<\/p>\n","protected":false},"excerpt":{"rendered":"<p>[vc_row css_animation=\u00bb\u00bb row_type=\u00bbrow\u00bb use_row_as_full_screen_section=\u00bbno\u00bb type=\u00bbfull_width\u00bb angled_section=\u00bbno\u00bb text_align=\u00bbleft\u00bb background_image_as_pattern=\u00bbwithout_pattern\u00bb][vc_column][\/vc_column][\/vc_row][vc_row css_animation=\u00bb\u00bb row_type=\u00bbrow\u00bb use_row_as_full_screen_section=\u00bbno\u00bb type=\u00bbfull_width\u00bb angled_section=\u00bbno\u00bb text_align=\u00bbleft\u00bb background_image_as_pattern=\u00bbwithout_pattern\u00bb][vc_column][qode_elements_holder number_of_columns=\u00bbtwo_columns\u00bb][qode_elements_holder_item advanced_animations=\u00bbno\u00bb][vc_single_image image=\u00bb2921&#8243; img_size=\u00bbfull\u00bb qode_css_animation=\u00bb\u00bb][\/qode_elements_holder_item][qode_elements_holder_item cover=\u00bbyes\u00bb advanced_animations=\u00bbno\u00bb item_padding=\u00bb0px 30px 0px 30px\u00bb background_image=\u00bb704&#8243;][vc_column_text] Infantil &nbsp; Conocimiento, experimentaci\u00f3n y acompa\u00f1amiento . &nbsp; La Educaci\u00f3n Infantil (3 a 6 a\u00f1os) es la etapa&#8230;<\/p>\n","protected":false},"author":1,"featured_media":0,"parent":0,"menu_order":0,"comment_status":"closed","ping_status":"closed","template":"full_width.php","meta":{"ngg_post_thumbnail":0,"footnotes":""},"class_list":["post-3383","page","type-page","status-publish","hentry"],"_links":{"self":[{"href":"https:\/\/gracia.escolateresiana.com\/es\/wp-json\/wp\/v2\/pages\/3383","targetHints":{"allow":["GET"]}}],"collection":[{"href":"https:\/\/gracia.escolateresiana.com\/es\/wp-json\/wp\/v2\/pages"}],"about":[{"href":"https:\/\/gracia.escolateresiana.com\/es\/wp-json\/wp\/v2\/types\/page"}],"author":[{"embeddable":true,"href":"https:\/\/gracia.escolateresiana.com\/es\/wp-json\/wp\/v2\/users\/1"}],"replies":[{"embeddable":true,"href":"https:\/\/gracia.escolateresiana.com\/es\/wp-json\/wp\/v2\/comments?post=3383"}],"version-history":[{"count":9,"href":"https:\/\/gracia.escolateresiana.com\/es\/wp-json\/wp\/v2\/pages\/3383\/revisions"}],"predecessor-version":[{"id":3911,"href":"https:\/\/gracia.escolateresiana.com\/es\/wp-json\/wp\/v2\/pages\/3383\/revisions\/3911"}],"wp:attachment":[{"href":"https:\/\/gracia.escolateresiana.com\/es\/wp-json\/wp\/v2\/media?parent=3383"}],"curies":[{"name":"wp","href":"https:\/\/api.w.org\/{rel}","templated":true}]}}