{"id":3384,"date":"2022-05-03T08:52:15","date_gmt":"2022-05-03T08:52:15","guid":{"rendered":"https:\/\/gracia.escolateresiana.com\/el-colegio\/"},"modified":"2026-03-13T09:45:48","modified_gmt":"2026-03-13T09:45:48","slug":"el-colegio","status":"publish","type":"page","link":"https:\/\/gracia.escolateresiana.com\/es\/el-colegio\/","title":{"rendered":"El colegio"},"content":{"rendered":"<p>[vc_row css_animation=\u00bb\u00bb row_type=\u00bbrow\u00bb use_row_as_full_screen_section=\u00bbno\u00bb type=\u00bbfull_width\u00bb angled_section=\u00bbno\u00bb text_align=\u00bbleft\u00bb background_image_as_pattern=\u00bbwithout_pattern\u00bb][vc_column]\n\t\t\t<!-- START Slider 1 REVOLUTION SLIDER 6.5.14 --><p class=\"rs-p-wp-fix\"><\/p>\n\t\t\t<rs-module-wrap id=\"rev_slider_4_1_wrapper\" data-source=\"gallery\" style=\"visibility:hidden;background:transparent;padding:0;margin:0px auto;margin-top:0;margin-bottom:0;\">\n\t\t\t\t<rs-module id=\"rev_slider_4_1\" style=\"\" data-version=\"6.5.14\">\n\t\t\t\t\t<rs-slides>\n\t\t\t\t\t\t<rs-slide style=\"position: absolute;\" data-key=\"rs-7\" data-title=\"Slide\" data-in=\"o:0;\" data-out=\"a:false;\">\n\t\t\t\t\t\t\t<img decoding=\"async\" src=\"\/\/gracia.escolateresiana.com\/wp-content\/plugins\/revslider\/public\/assets\/assets\/dummy.png\" alt=\"Slide\" title=\"El colegio\" class=\"rev-slidebg tp-rs-img rs-lazyload\" data-lazyload=\"\/\/gracia.escolateresiana.com\/wp-content\/plugins\/revslider\/public\/assets\/assets\/transparent.png\" data-bg=\"c:#45ac34;\" data-no-retina>\n<!--\n\t\t\t\t\t\t\t--><rs-layer\n\t\t\t\t\t\t\t\tid=\"slider-4-slide-7-layer-0\" \n\t\t\t\t\t\t\t\tclass=\"rs-fsv rs-layer-video intrinsic-ignore\"\n\t\t\t\t\t\t\t\tdata-type=\"video\"\n\t\t\t\t\t\t\t\tdata-rsp_ch=\"on\"\n\t\t\t\t\t\t\t\tdata-xy=\"x:0;y:0;\"\n\t\t\t\t\t\t\t\tdata-text=\"w:normal;\"\n\t\t\t\t\t\t\t\tdata-dim=\"w:100%;h:100%;\"\n\t\t\t\t\t\t\t\tdata-basealign=\"slide\"\n\t\t\t\t\t\t\t\tdata-video=\"vfc:true;vd:100;fc:true;l:true;ptimer:false;nse:f;\"\n\t\t\t\t\t\t\t\tdata-poster=\"\/\/gracia.escolateresiana.com\/wp-content\/uploads\/revslider\/video-media\/gracia_7_layer1.jpeg\"\n\t\t\t\t\t\t\t\tdata-mp4=\"\/\/gracia.escolateresiana.com\/wp-content\/uploads\/2025\/12\/gracia.mp4\"\n\t\t\t\t\t\t\t\tdata-frame_999=\"o:0;st:w;sR:8700;\"\n\t\t\t\t\t\t\t\tstyle=\"z-index:8;\"\n\t\t\t\t\t\t\t>\n\t\t\t\t\t\t\t<\/rs-layer><!--\n-->\t\t\t\t\t\t<\/rs-slide>\n\t\t\t\t\t<\/rs-slides>\n\t\t\t\t<\/rs-module>\n\t\t\t\t<script>\n\t\t\t\t\tsetREVStartSize({c: 'rev_slider_4_1',rl:[1240,1024,778,480],el:[700],gw:[ 1280],gh:[700],type:'standard',justify:'',layout:'fullwidth',mh:\"0\"});if (window.RS_MODULES!==undefined && window.RS_MODULES.modules!==undefined && window.RS_MODULES.modules[\"revslider41\"]!==undefined) {window.RS_MODULES.modules[\"revslider41\"].once = false;window.revapi4 = undefined;if (window.RS_MODULES.checkMinimal!==undefined) window.RS_MODULES.checkMinimal()}\n\t\t\t\t<\/script>\n\t\t\t<\/rs-module-wrap>\n\t\t\t<!-- END REVOLUTION SLIDER -->\n[\/vc_column][\/vc_row][vc_row css_animation=\u00bb\u00bb row_type=\u00bbrow\u00bb use_row_as_full_screen_section=\u00bbno\u00bb type=\u00bbfull_width\u00bb angled_section=\u00bbno\u00bb text_align=\u00bbleft\u00bb background_image_as_pattern=\u00bbwithout_pattern\u00bb z_index=\u00bb\u00bb][vc_column][qode_elements_holder number_of_columns=\u00bbtwo_columns\u00bb alignment_one_column=\u00bbcenter\u00bb][qode_elements_holder_item advanced_animations=\u00bbno\u00bb][vc_single_image image=\u00bb4545&#8243; img_size=\u00bbfull\u00bb qode_css_animation=\u00bb\u00bb][\/qode_elements_holder_item][qode_elements_holder_item advanced_animations=\u00bbno\u00bb item_padding=\u00bb20px 30px 20px 30px\u00bb][vc_column_text]Somos una escuela concertada de unos 700 alumnos desde Infantil hasta Bachillerato.<\/p>\n<p>&nbsp;<\/p>\n<p>El colegio est\u00e1 situado en el barrio de Gracia de Barcelona desde el 25 de julio de 1880. San Enrique de *Oss\u00f3 valor\u00f3 tanto esta fundaci\u00f3n que para iniciar la tarea envi\u00f3 a dos de las Hermanas fundadoras de la Compa\u00f1\u00eda de Santa Teresa de Jes\u00fas.<\/p>\n<p>&nbsp;<\/p>\n<p>El colegio y la Comunidad de Hermanas estuvieron en diferentes lugares del barrio hasta que el 1889 lleg\u00f3 la ubicaci\u00f3n definitiva.<\/p>\n<p>&nbsp;<\/p>\n<p>El edificio fue incendiado durante la Semana Tr\u00e1gica de Barcelona en 1909. El mes de marzo de 1910, en el mismo solar, se coloc\u00f3 la primera piedra del nuevo colegio. A finales de los a\u00f1os 60 adquiri\u00f3 la fisonom\u00eda actual y a principios de los 90 se construy\u00f3 el nuevo edificio situado en la calle Grassot, que quedaba unido al antiguo y principal edificio del colegio por la parte interior.<\/p>\n<p>&nbsp;<\/p>\n<p>A la actualidad pertenece, junto con otros 21 colegios, a la Fundaci\u00f3n Escuela Teresiana.<\/p>\n<p>&nbsp;<\/p>\n<p>Ofrecemos una educaci\u00f3n <strong>cristiana y de calidad<\/strong>, basada en los principios pedag\u00f3gicos de nuestro fundador, <strong>Enrique de Oss\u00f3<\/strong>, que se inspir\u00f3 en <strong>Santa Teresa de Jes\u00fas<\/strong>.<\/p>\n<p>&nbsp;<\/p>\n<p>Hace m\u00e1s de 100 a\u00f1os al servicio de la educaci\u00f3n al barrio de Gracia, que nos permite acoger el mejor de esta larga experiencia para educar a nuestros alumnos ante los retos del futuro.[\/vc_column_text][\/qode_elements_holder_item][\/qode_elements_holder][\/vc_column][\/vc_row][vc_row css_animation=\u00bb\u00bb row_type=\u00bbrow\u00bb use_row_as_full_screen_section=\u00bbno\u00bb type=\u00bbfull_width\u00bb angled_section=\u00bbno\u00bb text_align=\u00bbleft\u00bb background_image_as_pattern=\u00bbwithout_pattern\u00bb css=\u00bb.vc_custom_1672827668504{background-color: #ffffff !important;}\u00bb z_index=\u00bb\u00bb][vc_column]<div class=\"qode-workflow  qode-workflow-animate\">\n    <span class=\"main-line\" style=\"background-color:#45ac34;\"><\/span>\n    <div class=\"qode-workflow-item\">\n    <span class=\"line\" style=\"background-color:#45ac34;\"><\/span>\n    <div class=\"qode-workflow-item-inner reverse\">\n        <div class=\"qode-workflow-image left\">\n            <img loading=\"lazy\" decoding=\"async\" width=\"150\" height=\"150\" src=\"https:\/\/gracia.escolateresiana.com\/wp-content\/uploads\/2023\/01\/1912.png\" class=\"attachment-full size-full\" alt=\"\" \/>        <\/div>\n        <div class=\"qode-workflow-text\">\n            <span class=\"circle\" style=\"border-color:#45ac34;background-color:#45ac34;\"><\/span>\n                            <h2>1880<\/h2>\n                                                    <p class=\"text\">El colegio realiza una misi\u00f3n de Iglesia en el Barrio de Gracia<\/p>\n                    <\/div>\n    <\/div>\n<\/div><div class=\"qode-workflow-item\">\n    <span class=\"line\" style=\"background-color:#45ac34;\"><\/span>\n    <div class=\"qode-workflow-item-inner \">\n        <div class=\"qode-workflow-image right\">\n            <img loading=\"lazy\" decoding=\"async\" width=\"150\" height=\"150\" src=\"https:\/\/gracia.escolateresiana.com\/wp-content\/uploads\/2023\/01\/1974.png\" class=\"attachment-full size-full\" alt=\"\" \/>        <\/div>\n        <div class=\"qode-workflow-text\">\n            <span class=\"circle\" style=\"border-color:#45ac34;background-color:#45ac34;\"><\/span>\n                            <h2>1889<\/h2>\n                                                    <p class=\"text\">Ubicaci\u00f3n de la escuela en el barrio del Gr\u00e0cia<\/p>\n                    <\/div>\n    <\/div>\n<\/div><div class=\"qode-workflow-item\">\n    <span class=\"line\" style=\"background-color:#45ac34;\"><\/span>\n    <div class=\"qode-workflow-item-inner reverse\">\n        <div class=\"qode-workflow-image left\">\n            <img loading=\"lazy\" decoding=\"async\" width=\"150\" height=\"150\" src=\"https:\/\/gracia.escolateresiana.com\/wp-content\/uploads\/2023\/01\/incendio.png\" class=\"attachment-full size-full\" alt=\"\" \/>        <\/div>\n        <div class=\"qode-workflow-text\">\n            <span class=\"circle\" style=\"border-color:#45ac34;background-color:#45ac34;\"><\/span>\n                            <h2>1909<\/h2>\n                                                    <p class=\"text\">Incendio en la escuela.<\/p>\n                    <\/div>\n    <\/div>\n<\/div><div class=\"qode-workflow-item\">\n    <span class=\"line\" style=\"background-color:#45ac34;\"><\/span>\n    <div class=\"qode-workflow-item-inner \">\n        <div class=\"qode-workflow-image right\">\n            <img loading=\"lazy\" decoding=\"async\" width=\"150\" height=\"150\" src=\"https:\/\/gracia.escolateresiana.com\/wp-content\/uploads\/2023\/01\/1918.png\" class=\"attachment-full size-full\" alt=\"\" \/>        <\/div>\n        <div class=\"qode-workflow-text\">\n            <span class=\"circle\" style=\"border-color:#45ac34;background-color:#45ac34;\"><\/span>\n                            <h2>1910<\/h2>\n                                                    <p class=\"text\">Reconstrucci\u00f3n de la escuela despu\u00e9s de un incendio.<\/p>\n                    <\/div>\n    <\/div>\n<\/div><div class=\"qode-workflow-item\">\n    <span class=\"line\" style=\"background-color:#45ac34;\"><\/span>\n    <div class=\"qode-workflow-item-inner reverse\">\n        <div class=\"qode-workflow-image left\">\n            <img loading=\"lazy\" decoding=\"async\" width=\"150\" height=\"150\" src=\"https:\/\/gracia.escolateresiana.com\/wp-content\/uploads\/2023\/01\/2009.png\" class=\"attachment-full size-full\" alt=\"\" \/>        <\/div>\n        <div class=\"qode-workflow-text\">\n            <span class=\"circle\" style=\"border-color:#45ac34;background-color:#45ac34;\"><\/span>\n                            <h2>2009<\/h2>\n                                                    <p class=\"text\">La Compa\u00f1\u00eda de Santa Teresa de Jes\u00fas crea la Fundaci\u00f3n Escuela Teresiana.<\/p>\n                    <\/div>\n    <\/div>\n<\/div><div class=\"qode-workflow-item\">\n    <span class=\"line\" style=\"background-color:#45ac34;\"><\/span>\n    <div class=\"qode-workflow-item-inner \">\n        <div class=\"qode-workflow-image right\">\n            <img loading=\"lazy\" decoding=\"async\" width=\"150\" height=\"150\" src=\"https:\/\/gracia.escolateresiana.com\/wp-content\/uploads\/2023\/01\/hoy.png\" class=\"attachment-full size-full\" alt=\"\" \/>        <\/div>\n        <div class=\"qode-workflow-text\">\n            <span class=\"circle\" style=\"border-color:#45ac34;background-color:#45ac34;\"><\/span>\n                            <h2>HOY<\/h2>\n                                                    <p class=\"text\">Seguimos educando a alumnos para el futuro...<\/p>\n                    <\/div>\n    <\/div>\n<\/div><\/div>[\/vc_column][\/vc_row][vc_row css_animation=\u00bbelement_from_right\u00bb row_type=\u00bbrow\u00bb use_row_as_full_screen_section=\u00bbno\u00bb type=\u00bbfull_width\u00bb angled_section=\u00bbno\u00bb text_align=\u00bbleft\u00bb background_image_as_pattern=\u00bbwithout_pattern\u00bb css=\u00bb.vc_custom_1651569422056{background-color: #ffffff !important;}\u00bb z_index=\u00bb\u00bb][vc_column][vc_row_inner row_type=\u00bbrow\u00bb type=\u00bbgrid\u00bb text_align=\u00bbleft\u00bb css_animation=\u00bb\u00bb css=\u00bb.vc_custom_1653922989345{background-image: url(https:\/\/gracia.escolateresiana.com\/wp-content\/uploads\/2022\/05\/slide-verde.png?id=720) !important;}\u00bb][vc_column_inner][vc_empty_space height=\u00bb90px\u00bb][vc_column_text]<\/p>\n<h2 style=\"text-align: center; color: white;\">La persona es el centro de nuestra misi\u00f3n<\/h2>\n<p>[\/vc_column_text][vc_empty_space][vc_single_image image=\u00bb2744&#8243; img_size=\u00bb125&#215;125&#8243; alignment=\u00bbcenter\u00bb qode_css_animation=\u00bb\u00bb][vc_empty_space][vc_column_text]<\/p>\n<p style=\"text-align: center;\"><span style=\"color: #ffffff; font-size: 24px;\">Cada uno de nosotros somos <strong>\u00fanicos<\/strong> .<br \/>\nPor eso, desde una atenci\u00f3n personalizada y en colaboraci\u00f3n estrecha con toda la comunidad educativa pretendemos:<\/span><\/p>\n<p>[\/vc_column_text][vc_empty_space height=\u00bb30px\u00bb][\/vc_column_inner][\/vc_row_inner][vc_row_inner row_type=\u00bbrow\u00bb type=\u00bbgrid\u00bb text_align=\u00bbleft\u00bb css_animation=\u00bb\u00bb css=\u00bb.vc_custom_1653922989345{background-image: url(https:\/\/gracia.escolateresiana.com\/wp-content\/uploads\/2022\/05\/slide-verde.png?id=720) !important;}\u00bb][vc_column_inner width=\u00bb1\/3&#8243;][vc_empty_space height=\u00bb60px\u00bb][vc_column_text]<\/p>\n<p style=\"text-align: right;\"><span style=\"color: #ffffff;\">Facilitar a nuestro alumnado la <strong>atenci\u00f3n educativa<\/strong> necesaria para conseguir el mayor desarrollo posible de sus <strong>capacidades personales<\/strong> teniendo en cuenta su madurez intelectual, f\u00edsica, afectiva y moral.<br \/>\n<\/span><\/p>\n<p>[\/vc_column_text][vc_empty_space][vc_column_text]<\/p>\n<p style=\"text-align: right;\"><span style=\"color: #ffffff;\">&nbsp;<\/span><br \/>\n<span style=\"color: #ffffff;\">Formar <strong>a personas competentes<\/strong>, <strong>creativas, abiertas al cambio,<\/strong> con capacidad de <strong>transformar la sociedad y de comprometerse en el servicio del bien com\u00fan<\/strong> .<\/span><\/p>\n<p>[\/vc_column_text][\/vc_column_inner][vc_column_inner width=\u00bb1\/3&#8243;][vc_single_image image=\u00bb4547&#8243; img_size=\u00bbfull\u00bb alignment=\u00bbcenter\u00bb qode_css_animation=\u00bb\u00bb][vc_empty_space height=\u00bb90px\u00bb][\/vc_column_inner][vc_column_inner width=\u00bb1\/3&#8243;][vc_empty_space height=\u00bb60px\u00bb][vc_column_text]<\/p>\n<p style=\"text-align: left;\"><span style=\"color: #ffffff;\">Educar a personas capaces de <strong>vivir la vida desde dentro, en relaci\u00f3n con los dem\u00e1s, con el mundo que nos rodea y con Dios.<\/strong><\/span><\/p>\n<p>[\/vc_column_text][vc_empty_space][vc_column_text]<\/p>\n<p style=\"text-align: left;\"><span style=\"color: #ffffff;\">&nbsp;<\/span><br \/>\n<span style=\"color: #ffffff;\">Ofrecer un espacio <strong>de acogida y proximidad<\/strong> en el que cada persona se sienta <strong>querida y valorada<\/strong> tal y como es para favorecer su crecimiento personal.<br \/>\n<\/span><\/p>\n<p>[\/vc_column_text][\/vc_column_inner][\/vc_row_inner][vc_row_inner row_type=\u00bbrow\u00bb type=\u00bbfull_width\u00bb text_align=\u00bbleft\u00bb css_animation=\u00bb\u00bb css=\u00bb.vc_custom_1675159564514{padding-top: 40px !important;padding-bottom: 40px !important;background-image: url(https:\/\/gracia.escolateresiana.com\/wp-content\/uploads\/2023\/01\/foto-10-gracia.jpg?id=1547) !important;background-position: center !important;background-repeat: no-repeat !important;background-size: cover !important;}\u00bb][vc_column_inner][vc_empty_space height=\u00bb90px\u00bb][vc_column_text]<\/p>\n<h2 class=\" ztl-main-font ztl-left ztl-font-normal\" style=\"text-align: center;\"><span style=\"color: #ffffff;\">CREEMOS y CRECEMOS CONTIGO<\/span><\/h2>\n<p>&nbsp;<\/p>\n<div class=\"vc_empty_space\" style=\"text-align: center;\">&nbsp;<\/div>\n<div class=\"wpb_text_column wpb_content_element \">\n<div class=\"wpb_wrapper\">\n<p style=\"text-align: center; font-size: 24px;\"><span style=\"color: #ffffff;\"><strong>Hacia una escuela abierta, inclusiva, con visi\u00f3n de futuro y mejora constante.<\/strong><br \/>\n<\/span><\/p>\n<\/div>\n<\/div>\n<p>[\/vc_column_text][vc_empty_space][vc_column_text]<\/p>\n<p style=\"text-align: center;\"><span style=\"color: #ffffff;\"><em><strong>\u201cEducamos desde la realidad y por la vida,<br \/>\npara construir cultura solidaria y de paz<br \/>\ncon personas que sean sujetos de encuentro,<br \/>\ntransformadoras sociales\u201d<br \/>\n<\/strong><\/em><\/span><br \/>\n<span style=\"color: #ffffff;\">Propuesta Educativa Teresiana<\/span><\/p>\n<p>[\/vc_column_text][vc_empty_space height=\u00bb90 px\u00bb][\/vc_column_inner][\/vc_row_inner][\/vc_column][\/vc_row][vc_row css_animation=\u00bbelement_from_left\u00bb row_type=\u00bbrow\u00bb use_row_as_full_screen_section=\u00bbno\u00bb type=\u00bbfull_width\u00bb angled_section=\u00bbno\u00bb text_align=\u00bbleft\u00bb background_image_as_pattern=\u00bbwithout_pattern\u00bb z_index=\u00bb\u00bb][vc_column][qode_elements_holder number_of_columns=\u00bbtwo_columns\u00bb alignment_one_column=\u00bbcenter\u00bb][qode_elements_holder_item horizontal_alignment=\u00bbcenter\u00bb advanced_animations=\u00bbno\u00bb item_padding=\u00bb0px 30px 0px 30px\u00bb][vc_column_text]<\/p>\n<h2 class=\" ztl-main-font ztl-left ztl-font-normal\"><span style=\"color: #45ac34;\">CREEMOS EN TI<\/span><\/h2>\n<p>&nbsp;<\/p>\n<div class=\"wpb_text_column wpb_content_element \">\n<div class=\"wpb_wrapper\">\n<ul>\n<li><span style=\"color: #23406a;\">Atenci\u00f3n personalizada y clima familiar.<\/span><\/li>\n<li><span style=\"color: #23406a;\">Acompa\u00f1amiento y mirada positiva.<\/span><\/li>\n<li><span style=\"color: #23406a;\">Educaci\u00f3n en valores y trascendencia.<\/span><\/li>\n<li><span style=\"color: #23406a;\">Compromiso, igualdad y solidaridad.<\/span><\/li>\n<\/ul>\n<\/div>\n<\/div>\n<p>[\/vc_column_text][\/qode_elements_holder_item][qode_elements_holder_item advanced_animations=\u00bbno\u00bb][vc_single_image image=\u00bb4553&#8243; img_size=\u00bbfull\u00bb alignment=\u00bbright\u00bb qode_css_animation=\u00bb\u00bb][\/qode_elements_holder_item][\/qode_elements_holder][\/vc_column][\/vc_row][vc_row css_animation=\u00bbelement_from_right\u00bb row_type=\u00bbrow\u00bb use_row_as_full_screen_section=\u00bbno\u00bb type=\u00bbfull_width\u00bb angled_section=\u00bbno\u00bb text_align=\u00bbleft\u00bb background_image_as_pattern=\u00bbwithout_pattern\u00bb z_index=\u00bb\u00bb][vc_column][qode_elements_holder number_of_columns=\u00bbtwo_columns\u00bb alignment_one_column=\u00bbcenter\u00bb][qode_elements_holder_item advanced_animations=\u00bbno\u00bb][vc_single_image image=\u00bb4551&#8243; img_size=\u00bbfull\u00bb qode_css_animation=\u00bb\u00bb][\/qode_elements_holder_item][qode_elements_holder_item horizontal_alignment=\u00bbcenter\u00bb advanced_animations=\u00bbno\u00bb item_padding=\u00bb0px 30px 0px 30px\u00bb][vc_column_text]<\/p>\n<h2 class=\" ztl-main-font ztl-left ztl-font-normal\"><span style=\"color: #45ac34;\">CRECEMOS CONTIGO<\/span><\/h2>\n<p>&nbsp;<\/p>\n<div class=\"wpb_text_column wpb_content_element \">\n<div class=\"wpb_wrapper\">\n<ul>\n<li><span style=\"color: #23406a;\"><span style=\"color: #23406a;\">Profesionalidad y visi\u00f3n abierta al futuro.<\/span><\/span><\/li>\n<li><span style=\"color: #23406a;\">Implicaci\u00f3n, responsabilidad y trabajo en equipo.<\/span><\/li>\n<li><span style=\"color: #23406a;\">Creatividad, capacidad de innovaci\u00f3n y mejora continua.<\/span><\/li>\n<\/ul>\n<\/div>\n<\/div>\n<p>[\/vc_column_text][\/qode_elements_holder_item][\/qode_elements_holder][\/vc_column][\/vc_row]<\/p>\n","protected":false},"excerpt":{"rendered":"<p>[vc_row css_animation=\u00bb\u00bb row_type=\u00bbrow\u00bb use_row_as_full_screen_section=\u00bbno\u00bb type=\u00bbfull_width\u00bb angled_section=\u00bbno\u00bb text_align=\u00bbleft\u00bb background_image_as_pattern=\u00bbwithout_pattern\u00bb][vc_column][\/vc_column][\/vc_row][vc_row css_animation=\u00bb\u00bb row_type=\u00bbrow\u00bb use_row_as_full_screen_section=\u00bbno\u00bb type=\u00bbfull_width\u00bb angled_section=\u00bbno\u00bb text_align=\u00bbleft\u00bb background_image_as_pattern=\u00bbwithout_pattern\u00bb z_index=\u00bb\u00bb][vc_column][qode_elements_holder number_of_columns=\u00bbtwo_columns\u00bb alignment_one_column=\u00bbcenter\u00bb][qode_elements_holder_item advanced_animations=\u00bbno\u00bb][vc_single_image image=\u00bb4545&#8243; img_size=\u00bbfull\u00bb qode_css_animation=\u00bb\u00bb][\/qode_elements_holder_item][qode_elements_holder_item advanced_animations=\u00bbno\u00bb item_padding=\u00bb20px 30px 20px 30px\u00bb][vc_column_text]Somos una escuela concertada de unos 700 alumnos desde Infantil hasta Bachillerato. &nbsp; El colegio est\u00e1 situado en el&#8230;<\/p>\n","protected":false},"author":1,"featured_media":0,"parent":0,"menu_order":0,"comment_status":"closed","ping_status":"closed","template":"full_width.php","meta":{"ngg_post_thumbnail":0,"footnotes":""},"class_list":["post-3384","page","type-page","status-publish","hentry"],"_links":{"self":[{"href":"https:\/\/gracia.escolateresiana.com\/es\/wp-json\/wp\/v2\/pages\/3384","targetHints":{"allow":["GET"]}}],"collection":[{"href":"https:\/\/gracia.escolateresiana.com\/es\/wp-json\/wp\/v2\/pages"}],"about":[{"href":"https:\/\/gracia.escolateresiana.com\/es\/wp-json\/wp\/v2\/types\/page"}],"author":[{"embeddable":true,"href":"https:\/\/gracia.escolateresiana.com\/es\/wp-json\/wp\/v2\/users\/1"}],"replies":[{"embeddable":true,"href":"https:\/\/gracia.escolateresiana.com\/es\/wp-json\/wp\/v2\/comments?post=3384"}],"version-history":[{"count":15,"href":"https:\/\/gracia.escolateresiana.com\/es\/wp-json\/wp\/v2\/pages\/3384\/revisions"}],"predecessor-version":[{"id":4556,"href":"https:\/\/gracia.escolateresiana.com\/es\/wp-json\/wp\/v2\/pages\/3384\/revisions\/4556"}],"wp:attachment":[{"href":"https:\/\/gracia.escolateresiana.com\/es\/wp-json\/wp\/v2\/media?parent=3384"}],"curies":[{"name":"wp","href":"https:\/\/api.w.org\/{rel}","templated":true}]}}