{"id":3386,"date":"2022-05-06T09:25:46","date_gmt":"2022-05-06T09:25:46","guid":{"rendered":"https:\/\/gracia.escolateresiana.com\/escuela-teresiana\/"},"modified":"2026-01-28T15:15:28","modified_gmt":"2026-01-28T15:15:28","slug":"escuela-teresiana","status":"publish","type":"page","link":"https:\/\/gracia.escolateresiana.com\/es\/escuela-teresiana\/","title":{"rendered":"Escuela Teresiana"},"content":{"rendered":"<p>[vc_row css_animation=\u00bb\u00bb row_type=\u00bbrow\u00bb use_row_as_full_screen_section=\u00bbno\u00bb type=\u00bbfull_width\u00bb angled_section=\u00bbno\u00bb text_align=\u00bbleft\u00bb background_image_as_pattern=\u00bbwithout_pattern\u00bb][vc_column]\n\t\t\t<!-- START Slider 1 REVOLUTION SLIDER 6.5.14 --><p class=\"rs-p-wp-fix\"><\/p>\n\t\t\t<rs-module-wrap id=\"rev_slider_4_1_wrapper\" data-source=\"gallery\" style=\"visibility:hidden;background:transparent;padding:0;margin:0px auto;margin-top:0;margin-bottom:0;\">\n\t\t\t\t<rs-module id=\"rev_slider_4_1\" style=\"\" data-version=\"6.5.14\">\n\t\t\t\t\t<rs-slides>\n\t\t\t\t\t\t<rs-slide style=\"position: absolute;\" data-key=\"rs-7\" data-title=\"Slide\" data-in=\"o:0;\" data-out=\"a:false;\">\n\t\t\t\t\t\t\t<img decoding=\"async\" src=\"\/\/gracia.escolateresiana.com\/wp-content\/plugins\/revslider\/public\/assets\/assets\/dummy.png\" alt=\"Slide\" title=\"Escuela Teresiana\" class=\"rev-slidebg tp-rs-img rs-lazyload\" data-lazyload=\"\/\/gracia.escolateresiana.com\/wp-content\/plugins\/revslider\/public\/assets\/assets\/transparent.png\" data-bg=\"c:#45ac34;\" data-no-retina>\n<!--\n\t\t\t\t\t\t\t--><rs-layer\n\t\t\t\t\t\t\t\tid=\"slider-4-slide-7-layer-0\" \n\t\t\t\t\t\t\t\tclass=\"rs-fsv rs-layer-video intrinsic-ignore\"\n\t\t\t\t\t\t\t\tdata-type=\"video\"\n\t\t\t\t\t\t\t\tdata-rsp_ch=\"on\"\n\t\t\t\t\t\t\t\tdata-xy=\"x:0;y:0;\"\n\t\t\t\t\t\t\t\tdata-text=\"w:normal;\"\n\t\t\t\t\t\t\t\tdata-dim=\"w:100%;h:100%;\"\n\t\t\t\t\t\t\t\tdata-basealign=\"slide\"\n\t\t\t\t\t\t\t\tdata-video=\"vfc:true;vd:100;fc:true;l:true;ptimer:false;nse:f;\"\n\t\t\t\t\t\t\t\tdata-poster=\"\/\/gracia.escolateresiana.com\/wp-content\/uploads\/revslider\/video-media\/gracia_7_layer1.jpeg\"\n\t\t\t\t\t\t\t\tdata-mp4=\"\/\/gracia.escolateresiana.com\/wp-content\/uploads\/2025\/12\/gracia.mp4\"\n\t\t\t\t\t\t\t\tdata-frame_999=\"o:0;st:w;sR:8700;\"\n\t\t\t\t\t\t\t\tstyle=\"z-index:8;\"\n\t\t\t\t\t\t\t>\n\t\t\t\t\t\t\t<\/rs-layer><!--\n-->\t\t\t\t\t\t<\/rs-slide>\n\t\t\t\t\t<\/rs-slides>\n\t\t\t\t<\/rs-module>\n\t\t\t\t<script>\n\t\t\t\t\tsetREVStartSize({c: 'rev_slider_4_1',rl:[1240,1024,778,480],el:[700],gw:[ 1280],gh:[700],type:'standard',justify:'',layout:'fullwidth',mh:\"0\"});if (window.RS_MODULES!==undefined && window.RS_MODULES.modules!==undefined && window.RS_MODULES.modules[\"revslider41\"]!==undefined) {window.RS_MODULES.modules[\"revslider41\"].once = false;window.revapi4 = undefined;if (window.RS_MODULES.checkMinimal!==undefined) window.RS_MODULES.checkMinimal()}\n\t\t\t\t<\/script>\n\t\t\t<\/rs-module-wrap>\n\t\t\t<!-- END REVOLUTION SLIDER -->\n[\/vc_column][\/vc_row][vc_row css_animation=\u00bb\u00bb row_type=\u00bbrow\u00bb use_row_as_full_screen_section=\u00bbno\u00bb type=\u00bbfull_width\u00bb angled_section=\u00bbno\u00bb text_align=\u00bbleft\u00bb background_image_as_pattern=\u00bbwithout_pattern\u00bb][vc_column][qode_elements_holder number_of_columns=\u00bbtwo_columns\u00bb][qode_elements_holder_item advanced_animations=\u00bbno\u00bb item_padding=\u00bb0px 60px 0px 60px\u00bb][vc_column_text]<\/p>\n<h2><span style=\"color: #45ac34;\">La Fundaci\u00f3n<\/span><\/h2>\n<p>&nbsp;<\/p>\n<p>La entidad titular de nuestro colegio es la <strong>Fundaci\u00f3n Escuela Teresiana,<\/strong> creada por la Compa\u00f1\u00eda de Santa Teresa de Jes\u00fas en diciembre de 2009. Surge como respuesta a los retos de nuestro mundo desde el \u00e1mbito educativo: la globalizaci\u00f3n, las nuevas tecnolog\u00edas, la multiculturalidad, la secularizaci\u00f3n, as\u00ed como los cambios legislativos que requieren constantes actualizaciones. Esta gran familia est\u00e1 formada por veinti\u00fan colegios en Espa\u00f1a.<\/p>\n<p>&nbsp;<\/p>\n<p>Su finalidad es educativa, de acuerdo con el esp\u00edritu evang\u00e9lico, la doctrina de la Iglesia Cat\u00f3lica y el carisma teresiano de San Enrique de Oss\u00f3, expresado en el Car\u00e1cter Propio de la entidad fundadora. La Fundaci\u00f3n es una entidad privada de \u00e1mbito estatal, con fines de inter\u00e9s general y sin \u00e1nimo de lucro.<\/p>\n<p>&nbsp;<\/p>\n<p><strong><br \/>\nPara m\u00e1s informaci\u00f3n,<\/strong>[\/vc_column_text][vc_empty_space height=\u00bb20px\u00bb]<div class='image_hover ' style='' data-transition-delay=''><div class='images_holder'><a itemprop='url' href='https:\/\/escuelateresiana.com\/' target='_blank'><img itemprop='image' class='active_image ' src='https:\/\/gracia.escolateresiana.com\/wp-content\/uploads\/2022\/05\/logo-fundacion-escuela-teresiana-2.png' alt='' style='' \/><img itemprop='image' class='hover_image' src='https:\/\/gracia.escolateresiana.com\/wp-content\/uploads\/2022\/05\/logo-fundacion-escuela-teresiana-gris.png' alt='' style='' \/><\/a><\/div><\/div>[\/qode_elements_holder_item][qode_elements_holder_item advanced_animations=\u00bbno\u00bb][vc_single_image image=\u00bb3170&#8243; img_size=\u00bbfull\u00bb qode_css_animation=\u00bb\u00bb][\/qode_elements_holder_item][\/qode_elements_holder][\/vc_column][\/vc_row][vc_row css_animation=\u00bbelement_from_right\u00bb row_type=\u00bbrow\u00bb use_row_as_full_screen_section=\u00bbno\u00bb type=\u00bbfull_width\u00bb angled_section=\u00bbno\u00bb text_align=\u00bbleft\u00bb background_image_as_pattern=\u00bbwithout_pattern\u00bb css=\u00bb.vc_custom_1668441531498{background-color: #ffffff !important;}\u00bb z_index=\u00bb\u00bb][vc_column css_animation=\u00bbfadeIn\u00bb][vc_empty_space][vc_column_text]<\/p>\n<h3><span style=\"color: #45ac34; margin-left: 60px;\">NUESTRA ESENCIA<\/span><\/h3>\n<p>[\/vc_column_text][vc_empty_space][qode_elements_holder number_of_columns=\u00bbfour_columns\u00bb][qode_elements_holder_item advanced_animations=\u00bbno\u00bb item_padding=\u00bb0px 60px 0px 60px\u00bb][vc_column_text]<strong>Origen:<\/strong><\/p>\n<p>&nbsp;<\/p>\n<p><b>San Enrique de Oss\u00f3,<\/b> <span style=\"font-weight: 400;\">como fundador de la Compa\u00f1\u00eda; y <strong>Santa Teresa de Jes\u00fas,<\/strong> como inspiradora de la labor educativa de las teresianas.<\/span>[\/vc_column_text][\/qode_elements_holder_item][qode_elements_holder_item advanced_animations=\u00bbno\u00bb][vc_single_image image=\u00bb2864&#8243; img_size=\u00bbfull\u00bb qode_css_animation=\u00bb\u00bb][\/qode_elements_holder_item][qode_elements_holder_item advanced_animations=\u00bbno\u00bb item_padding=\u00bb0px 60px 0px 60px\u00bb][vc_column_text]<strong>Finalidad:<\/strong><\/p>\n<p>&nbsp;<\/p>\n<p>Formar a personas capaces de vivir:<\/p>\n<p>&#8211; desde dentro<br \/>\n&#8211; en relaci\u00f3n con los dem\u00e1s y con la realidad<br \/>\n&#8211; abiertas a la trascendencia y a la relaci\u00f3n con Dios[\/vc_column_text][\/qode_elements_holder_item][qode_elements_holder_item advanced_animations=\u00bbno\u00bb][vc_single_image image=\u00bb2866&#8243; img_size=\u00bbfull\u00bb qode_css_animation=\u00bb\u00bb][\/qode_elements_holder_item][\/qode_elements_holder][qode_elements_holder number_of_columns=\u00bbfour_columns\u00bb][qode_elements_holder_item advanced_animations=\u00bbno\u00bb][vc_single_image image=\u00bb2863&#8243; img_size=\u00bbfull\u00bb qode_css_animation=\u00bb\u00bb][\/qode_elements_holder_item][qode_elements_holder_item advanced_animations=\u00bbno\u00bb item_padding=\u00bb0px 60px 0px 60px\u00bb][vc_column_text]<strong>Misi\u00f3n:<\/strong><\/p>\n<p>&nbsp;<\/p>\n<p>Educar integralmente a cada persona para que sea sujeto de encuentro y transformador social, seg\u00fan el carisma teresiano de Enrique de Oss\u00f3.[\/vc_column_text][\/qode_elements_holder_item][qode_elements_holder_item advanced_animations=\u00bbno\u00bb][vc_single_image image=\u00bb2865&#8243; img_size=\u00bbfull\u00bb qode_css_animation=\u00bb\u00bb][\/qode_elements_holder_item][qode_elements_holder_item advanced_animations=\u00bbno\u00bb item_padding=\u00bb0px 60px 0px 60px\u00bb][vc_column_text]<strong>Estilo:<\/strong><\/p>\n<p>&nbsp;<\/p>\n<p><span style=\"font-weight: 400;\">Se basa en el valor educativo del encuentro y de la relaci\u00f3n. Nuestra escuela es:<br \/>\n<\/span><span style=\"font-weight: 400;\">&#8211; escuela en Pastoral<\/span><br \/>\n<span style=\"font-weight: 400;\">&#8211; escuela abierta<\/span><br \/>\n<span style=\"font-weight: 400;\">&#8211; escuela que opta por la persona<\/span><br \/>\n<span style=\"font-weight: 400;\">&#8211; escuela de calidad<\/span>[\/vc_column_text][\/qode_elements_holder_item][\/qode_elements_holder][\/vc_column][\/vc_row][vc_row css_animation=\u00bb\u00bb row_type=\u00bbrow\u00bb use_row_as_full_screen_section=\u00bbno\u00bb type=\u00bbfull_width\u00bb angled_section=\u00bbno\u00bb text_align=\u00bbleft\u00bb background_image_as_pattern=\u00bbwithout_pattern\u00bb][vc_column][vc_empty_space height=\u00bb60px\u00bb][vc_column_text]<\/p>\n<h3><span style=\"color: #45ac34; margin-left: 60px;\">DESCARGAR DOCUMENTOS<\/span><\/h3>\n<p>[\/vc_column_text][vc_empty_space height=\u00bb50px\u00bb][qode_elements_holder number_of_columns=\u00bbthree_columns\u00bb][qode_elements_holder_item advanced_animations=\u00bbno\u00bb][vc_single_image image=\u00bb2580&#8243; img_size=\u00bbfull\u00bb alignment=\u00bbcenter\u00bb onclick=\u00bbcustom_link\u00bb qode_css_animation=\u00bb\u00bb link=\u00bbhttps:\/\/gracia.escolateresiana.com\/wp-content\/uploads\/2024\/02\/PDF_PEI_LOW.pdf\u00bb][vc_empty_space][vc_column_text]<\/p>\n<p style=\"text-align: center;\"><a href=\"https:\/\/gracia.escolateresiana.com\/wp-content\/uploads\/2024\/02\/PDF_PEI_LOW.pdf\" target=\"_blank\" rel=\"noopener\">Proyecto Educativo Institucional (PEI) .<\/a><\/p>\n<p>[\/vc_column_text][vc_empty_space][\/qode_elements_holder_item][qode_elements_holder_item advanced_animations=\u00bbno\u00bb][vc_single_image image=\u00bb2579&#8243; img_size=\u00bbfull\u00bb alignment=\u00bbcenter\u00bb onclick=\u00bbcustom_link\u00bb qode_css_animation=\u00bb\u00bb link=\u00bbhttps:\/\/gracia.escolateresiana.com\/wp-content\/uploads\/2024\/02\/propuesta_educativa_teresiana.pdf\u00bb][vc_empty_space][vc_column_text]<\/p>\n<p style=\"text-align: center;\"><a href=\"https:\/\/gracia.escolateresiana.com\/wp-content\/uploads\/2024\/02\/propuesta_educativa_teresiana.pdf\" target=\"_blank\" rel=\"noopener\">Propuesta Educativa Teresiana (PET)<\/a><\/p>\n<p>[\/vc_column_text][vc_empty_space][\/qode_elements_holder_item][qode_elements_holder_item advanced_animations=\u00bbno\u00bb][vc_single_image image=\u00bb2578&#8243; img_size=\u00bbfull\u00bb alignment=\u00bbcenter\u00bb onclick=\u00bbcustom_link\u00bb qode_css_animation=\u00bb\u00bb link=\u00bbhttps:\/\/gracia.escolateresiana.com\/wp-content\/uploads\/2024\/02\/identidad_de_la_escuela_teresiana.pdf\u00bb][vc_empty_space][vc_column_text]<\/p>\n<p style=\"text-align: center;\"><a href=\"https:\/\/gracia.escolateresiana.com\/wp-content\/uploads\/2024\/02\/identidad_de_la_escuela_teresiana.pdf\" target=\"_blank\" rel=\"noopener\">Identidad de la Escuela Teresiana<\/a><\/p>\n<p>[\/vc_column_text][vc_empty_space][\/qode_elements_holder_item][\/qode_elements_holder][\/vc_column][\/vc_row]<\/p>\n","protected":false},"excerpt":{"rendered":"<p>[vc_row css_animation=\u00bb\u00bb row_type=\u00bbrow\u00bb use_row_as_full_screen_section=\u00bbno\u00bb type=\u00bbfull_width\u00bb angled_section=\u00bbno\u00bb text_align=\u00bbleft\u00bb background_image_as_pattern=\u00bbwithout_pattern\u00bb][vc_column][\/vc_column][\/vc_row][vc_row css_animation=\u00bb\u00bb row_type=\u00bbrow\u00bb use_row_as_full_screen_section=\u00bbno\u00bb type=\u00bbfull_width\u00bb angled_section=\u00bbno\u00bb text_align=\u00bbleft\u00bb background_image_as_pattern=\u00bbwithout_pattern\u00bb][vc_column][qode_elements_holder number_of_columns=\u00bbtwo_columns\u00bb][qode_elements_holder_item advanced_animations=\u00bbno\u00bb item_padding=\u00bb0px 60px 0px 60px\u00bb][vc_column_text] La Fundaci\u00f3n &nbsp; La entidad titular de nuestro colegio es la Fundaci\u00f3n Escuela Teresiana, creada por la Compa\u00f1\u00eda de Santa Teresa de Jes\u00fas en&#8230;<\/p>\n","protected":false},"author":1,"featured_media":0,"parent":0,"menu_order":0,"comment_status":"closed","ping_status":"closed","template":"full_width.php","meta":{"ngg_post_thumbnail":0,"footnotes":""},"class_list":["post-3386","page","type-page","status-publish","hentry"],"_links":{"self":[{"href":"https:\/\/gracia.escolateresiana.com\/es\/wp-json\/wp\/v2\/pages\/3386","targetHints":{"allow":["GET"]}}],"collection":[{"href":"https:\/\/gracia.escolateresiana.com\/es\/wp-json\/wp\/v2\/pages"}],"about":[{"href":"https:\/\/gracia.escolateresiana.com\/es\/wp-json\/wp\/v2\/types\/page"}],"author":[{"embeddable":true,"href":"https:\/\/gracia.escolateresiana.com\/es\/wp-json\/wp\/v2\/users\/1"}],"replies":[{"embeddable":true,"href":"https:\/\/gracia.escolateresiana.com\/es\/wp-json\/wp\/v2\/comments?post=3386"}],"version-history":[{"count":8,"href":"https:\/\/gracia.escolateresiana.com\/es\/wp-json\/wp\/v2\/pages\/3386\/revisions"}],"predecessor-version":[{"id":3655,"href":"https:\/\/gracia.escolateresiana.com\/es\/wp-json\/wp\/v2\/pages\/3386\/revisions\/3655"}],"wp:attachment":[{"href":"https:\/\/gracia.escolateresiana.com\/es\/wp-json\/wp\/v2\/media?parent=3386"}],"curies":[{"name":"wp","href":"https:\/\/api.w.org\/{rel}","templated":true}]}}