{"id":3412,"date":"2022-06-01T09:01:42","date_gmt":"2022-06-01T09:01:42","guid":{"rendered":"https:\/\/gracia.escolateresiana.com\/idiomas\/"},"modified":"2024-03-12T09:30:30","modified_gmt":"2024-03-12T09:30:30","slug":"idiomas","status":"publish","type":"page","link":"https:\/\/gracia.escolateresiana.com\/es\/idiomas\/","title":{"rendered":"Idiomas"},"content":{"rendered":"<p>[vc_row css_animation=\u00bb\u00bb row_type=\u00bbrow\u00bb use_row_as_full_screen_section=\u00bbno\u00bb type=\u00bbfull_width\u00bb angled_section=\u00bbno\u00bb text_align=\u00bbleft\u00bb background_image_as_pattern=\u00bbwithout_pattern\u00bb][vc_column][qode_elements_holder number_of_columns=\u00bbtwo_columns\u00bb][qode_elements_holder_item advanced_animations=\u00bbno\u00bb][vc_single_image image=\u00bb3097&#8243; img_size=\u00bbfull\u00bb qode_css_animation=\u00bb\u00bb][\/qode_elements_holder_item][qode_elements_holder_item advanced_animations=\u00bbno\u00bb item_padding=\u00bb0px 30px 0px 30px\u00bb background_image=\u00bb1360&#8243;][vc_column_text css=\u00bb.vc_custom_1710235373321{padding-top: 15px !important;padding-right: 15px !important;padding-bottom: 15px !important;padding-left: 15px !important;background-color: rgba(255,255,255,0.71) !important;*background-color: rgb(255,255,255) !important;}\u00bb]<\/p>\n<h2><span style=\"color: #45ac34;\">Las lenguas abren fronteras<\/span><\/h2>\n<p>&nbsp;<\/p>\n<p>&nbsp;<\/p>\n<p style=\"text-align: left; line-height: 28px;\">El <strong>aprendizaje de idiomas<\/strong> es una de nuestras grandes apuestas como centro. Queremos dar a nuestros alumnos las herramientas necesarias para <strong>desarrollarse en un mundo cada vez m\u00e1s globalizado <\/strong>e interconectado, donde la comunicaci\u00f3n es b\u00e1sica e imprescindible. Iniciamos el aprendizaje de los idiomas desde peque\u00f1os con <strong>metodolog\u00edas innovadoras<\/strong>, experienciales y l\u00fadicas para que <strong>disfruten del idioma<\/strong> y descubran su potencialidad. Pretendemos que nuestros alumnos <strong>pongan en pr\u00e1ctica las destrezas y habilidades en las diferentes lenguas<\/strong> que ofrece la escuela y se enriquezcan de nuevas culturas en nuestra sociedad.<\/p>\n<p>[\/vc_column_text][\/qode_elements_holder_item][\/qode_elements_holder][\/vc_column][\/vc_row][vc_row css_animation=\u00bb\u00bb row_type=\u00bbrow\u00bb use_row_as_full_screen_section=\u00bbno\u00bb type=\u00bbgrid\u00bb angled_section=\u00bbno\u00bb text_align=\u00bbleft\u00bb background_image_as_pattern=\u00bbwithout_pattern\u00bb z_index=\u00bb\u00bb padding_top=\u00bb60&#8243; padding_bottom=\u00bb60&#8243;][vc_column][vc_single_image image=\u00bb2813&#8243; img_size=\u00bbfull\u00bb alignment=\u00bbcenter\u00bb qode_css_animation=\u00bb\u00bb][vc_column_text]<\/p>\n<h3 class=\" ztl-main-font ztl-left ztl-font-normal\" style=\"text-align: center;\"><span style=\"color: #45ac34;\">APRENDIZAJE QUE SURGE DE NUESTRA PROPIA LENGUA.<br \/>\n<\/span><\/h3>\n<p>&nbsp;<\/p>\n<p style=\"line-height: 28px; text-align: center;\">En la escuela fomentamos entre el alumnado el <strong>desarrollo de sus competencias ling\u00fc\u00edsticas en lengua catalana y castellana<\/strong>, lenguas maternas y b\u00e1sicas para poder descubrir y abrir la mirada hacia las dem\u00e1s. Una buena base en la propia lengua se convertir\u00e1 en un mejor desarrollo en el aprendizaje de otras. Por eso, basamos el aprendizaje de la lengua en <strong>la expresi\u00f3n, la comprensi\u00f3n y la comunicaci\u00f3n<\/strong>, sin olvidar el papel protagonista de la lectura entre nuestros alumnos. Buscamos y queremos que nuestros alumnos disfruten de la comunicaci\u00f3n y de la <strong>lectura<\/strong> en todas las edades y en cualquier \u00e1mbito.<\/p>\n<p>[\/vc_column_text][\/vc_column][\/vc_row][vc_row css_animation=\u00bb\u00bb row_type=\u00bbrow\u00bb use_row_as_full_screen_section=\u00bbno\u00bb type=\u00bbgrid\u00bb angled_section=\u00bbno\u00bb text_align=\u00bbleft\u00bb background_image_as_pattern=\u00bbwithout_pattern\u00bb z_index=\u00bb\u00bb background_color=\u00bb#ffffff\u00bb][vc_column][vc_empty_space height=\u00bb90px\u00bb][vc_column_text]<\/p>\n<h3 style=\"text-align: center;\"><span style=\"color: #45ac34;\">&nbsp;IDIOMAS EN NUESTRA ESCUELA<\/span><\/h3>\n<p>[\/vc_column_text][vc_empty_space height=\u00bb90px\u00bb][\/vc_column][\/vc_row][vc_row css_animation=\u00bb\u00bb row_type=\u00bbrow\u00bb use_row_as_full_screen_section=\u00bbno\u00bb type=\u00bbgrid\u00bb angled_section=\u00bbno\u00bb text_align=\u00bbleft\u00bb background_image_as_pattern=\u00bbwithout_pattern\u00bb z_index=\u00bb\u00bb background_color=\u00bb#ffffff\u00bb][vc_column width=\u00bb1\/2&#8243;][vc_single_image image=\u00bb2825&#8243; img_size=\u00bbfull\u00bb qode_css_animation=\u00bb\u00bb][\/vc_column][vc_column width=\u00bb1\/2&#8243; css=\u00bb.vc_custom_1673433258033{background-color: #d9efc6 !important;}\u00bb]<div class=\"qode-accordion-holder clearfix qode-accordion qode-initial \">\n\t<h4 class=\"clearfix qode-title-holder\">\n<span class=\"qode-tab-title\">\n\t    <span class=\"qode-tab-title-inner\">\n        INGL\u00c9S    <\/span>\n<\/span>\n<span class=\"qode-accordion-mark\">\n    <span class=\"qode-accordion-mark-icon\">\n        <span class=\"icon_plus\"><\/span>\n        <span class=\"icon_minus-06\"><\/span>\n    <\/span>\n<\/span>\n<\/h4>\n<div  class=\"qode-accordion-content \" >\n    <div class=\"qode-accordion-content-inner\">\n        [vc_column_text]Uno de los grandes&nbsp;<strong>objetivos de la escuela es el aprendizaje del ingl\u00e9s<\/strong>&nbsp; por parte de los alumnos del centro, desde peque\u00f1os y con bastantes horas a la semana. Pretendemos que dominen esta lengua y puedan conseguir la certificaci\u00f3n adecuada a sus competencias al final de la ESO, y alcancen el nivel B2 seg\u00fan el&nbsp; Marco Com\u00fan Europeo de Referencia de las Lenguas (MCER). Disponemos de un proyecto propio de aprendizaje con Cambridge desde Infantil hasta Bachillerato, que fortalece el ingl\u00e9s curricular con numerosas actividades, ofrecemos la posibilidad de presentarse a los ex\u00e1menes oficiales de certificaciones desde YLE (Starters, Movers y Flyers) hasta Main Suite (KET, PET y First Certificate). Adem\u00e1s disponemos de oferta extraescolar para que el alumnado pueda seguir creciendo y fortaleciendo el idioma en todas sus vertientes.<\/p>\n<p>&nbsp;<\/p>\n<ul>\n<li>Aumento de horas lectivas<\/li>\n<li>Auxiliar de conversaci\u00f3n en las etapa de Primaria y Secundaria<\/li>\n<li>Actividades de inmersi\u00f3n: teatro, cine, semana cultural&#8230;<\/li>\n<li>Grupos reducidos de clase (desdoblamientos)<\/li>\n<li>Asignaturas y unidades did\u00e1cticas en ingl\u00e9s<\/li>\n<li>Bachillerato Americano. Programa Dual, doble titulaci\u00f3n.<\/li>\n<li>Titulaciones oficiales: Starters, Movers y Flyers (A2) en Ed. Primaria, y KET, PET y FIRST (B2) en la ESO<\/li>\n<li>Centro examinador oficial de Cambridge<\/li>\n<li>Actividad extraescolar con el centro Kids&amp;Us<\/li>\n<\/ul>\n<p>[\/vc_column_text][vc_empty_space][vc_gallery type=\u00bbimage_grid\u00bb images=\u00bb2620&#8243; img_size=\u00bbmedium\u00bb column_number=\u00bb6&#8243; grayscale=\u00bbno\u00bb images_space=\u00bbgallery_without_space\u00bb]    <\/div>\n<\/div><h4 class=\"clearfix qode-title-holder\">\n<span class=\"qode-tab-title\">\n\t    <span class=\"qode-tab-title-inner\">\n        FRANC\u00c9S    <\/span>\n<\/span>\n<span class=\"qode-accordion-mark\">\n    <span class=\"qode-accordion-mark-icon\">\n        <span class=\"icon_plus\"><\/span>\n        <span class=\"icon_minus-06\"><\/span>\n    <\/span>\n<\/span>\n<\/h4>\n<div  class=\"qode-accordion-content \" >\n    <div class=\"qode-accordion-content-inner\">\n        [vc_column_text]El centro incorpora el franc\u00e9s en las aulas como segunda lengua extranjera a partir de 5\u00ba de Primaria hasta 4\u00ba de ESO. Enriquecemos su aprendizaje con diversas actividades de inmersi\u00f3n:<\/p>\n<p>&nbsp;<\/p>\n<p>Actividades de inmersi\u00f3n: teatros, salidas culturales\u2026<\/p>\n<p>Actividad extraescolar para potenciar la mejora en el aprendizaje del franc\u00e9s<\/p>\n<p>Titulaciones oficiales: B1 en la ESO[\/vc_column_text]    <\/div>\n<\/div><h4 class=\"clearfix qode-title-holder\">\n<span class=\"qode-tab-title\">\n\t    <span class=\"qode-tab-title-inner\">\n        ALEM\u00c1N    <\/span>\n<\/span>\n<span class=\"qode-accordion-mark\">\n    <span class=\"qode-accordion-mark-icon\">\n        <span class=\"icon_plus\"><\/span>\n        <span class=\"icon_minus-06\"><\/span>\n    <\/span>\n<\/span>\n<\/h4>\n<div  class=\"qode-accordion-content \" >\n    <div class=\"qode-accordion-content-inner\">\n        [vc_column_text]Esta lengua se imparte como asignatura optativa en la etapa de Secundaria. Los alumnos tienen la posibilidad de obtener la certificaci\u00f3n oficial en funci\u00f3n de su nivel. La escuela ofrece la extraescolar de esta lengua en grupos reducidos con el Goethe-Institut.[\/vc_column_text]    <\/div>\n<\/div><\/div>[vc_empty_space][\/vc_column][\/vc_row][vc_row css_animation=\u00bb\u00bb row_type=\u00bbrow\u00bb use_row_as_full_screen_section=\u00bbno\u00bb type=\u00bbfull_width\u00bb angled_section=\u00bbno\u00bb text_align=\u00bbleft\u00bb background_image_as_pattern=\u00bbwithout_pattern\u00bb css=\u00bb.vc_custom_1673359191879{background-color: #ffffff !important;}\u00bb z_index=\u00bb\u00bb][vc_column][vc_empty_space][\/vc_column][\/vc_row][vc_row css_animation=\u00bb\u00bb row_type=\u00bbrow\u00bb use_row_as_full_screen_section=\u00bbno\u00bb type=\u00bbfull_width\u00bb angled_section=\u00bbno\u00bb text_align=\u00bbleft\u00bb background_image_as_pattern=\u00bbwithout_pattern\u00bb][vc_column][vc_gallery type=\u00bbimage_grid\u00bb images=\u00bb3098,3099,3100,3101&#8243; img_size=\u00bbfull\u00bb column_number=\u00bb4&#8243; grayscale=\u00bbno\u00bb images_space=\u00bbgallery_without_space\u00bb][\/vc_column][\/vc_row]<\/p>\n","protected":false},"excerpt":{"rendered":"<p>[vc_row css_animation=\u00bb\u00bb row_type=\u00bbrow\u00bb use_row_as_full_screen_section=\u00bbno\u00bb type=\u00bbfull_width\u00bb angled_section=\u00bbno\u00bb text_align=\u00bbleft\u00bb background_image_as_pattern=\u00bbwithout_pattern\u00bb][vc_column][qode_elements_holder number_of_columns=\u00bbtwo_columns\u00bb][qode_elements_holder_item advanced_animations=\u00bbno\u00bb][vc_single_image image=\u00bb3097&#8243; img_size=\u00bbfull\u00bb qode_css_animation=\u00bb\u00bb][\/qode_elements_holder_item][qode_elements_holder_item advanced_animations=\u00bbno\u00bb item_padding=\u00bb0px 30px 0px 30px\u00bb background_image=\u00bb1360&#8243;][vc_column_text css=\u00bb.vc_custom_1710235373321{padding-top: 15px !important;padding-right: 15px !important;padding-bottom: 15px !important;padding-left: 15px !important;background-color: rgba(255,255,255,0.71) !important;*background-color: rgb(255,255,255) !important;}\u00bb] Las lenguas abren fronteras &nbsp; &nbsp; El aprendizaje de idiomas es una de&#8230;<\/p>\n","protected":false},"author":1,"featured_media":0,"parent":0,"menu_order":0,"comment_status":"closed","ping_status":"closed","template":"full_width.php","meta":{"ngg_post_thumbnail":0,"footnotes":""},"class_list":["post-3412","page","type-page","status-publish","hentry"],"_links":{"self":[{"href":"https:\/\/gracia.escolateresiana.com\/es\/wp-json\/wp\/v2\/pages\/3412","targetHints":{"allow":["GET"]}}],"collection":[{"href":"https:\/\/gracia.escolateresiana.com\/es\/wp-json\/wp\/v2\/pages"}],"about":[{"href":"https:\/\/gracia.escolateresiana.com\/es\/wp-json\/wp\/v2\/types\/page"}],"author":[{"embeddable":true,"href":"https:\/\/gracia.escolateresiana.com\/es\/wp-json\/wp\/v2\/users\/1"}],"replies":[{"embeddable":true,"href":"https:\/\/gracia.escolateresiana.com\/es\/wp-json\/wp\/v2\/comments?post=3412"}],"version-history":[{"count":7,"href":"https:\/\/gracia.escolateresiana.com\/es\/wp-json\/wp\/v2\/pages\/3412\/revisions"}],"predecessor-version":[{"id":3798,"href":"https:\/\/gracia.escolateresiana.com\/es\/wp-json\/wp\/v2\/pages\/3412\/revisions\/3798"}],"wp:attachment":[{"href":"https:\/\/gracia.escolateresiana.com\/es\/wp-json\/wp\/v2\/media?parent=3412"}],"curies":[{"name":"wp","href":"https:\/\/api.w.org\/{rel}","templated":true}]}}