{"id":3432,"date":"2022-11-09T10:13:32","date_gmt":"2022-11-09T10:13:32","guid":{"rendered":"https:\/\/gracia.escolateresiana.com\/servicios\/"},"modified":"2025-07-10T07:13:34","modified_gmt":"2025-07-10T07:13:34","slug":"servicios","status":"publish","type":"page","link":"https:\/\/gracia.escolateresiana.com\/es\/servicios\/","title":{"rendered":"Servicios"},"content":{"rendered":"<p>[vc_row css_animation=\u00bb\u00bb row_type=\u00bbrow\u00bb use_row_as_full_screen_section=\u00bbno\u00bb type=\u00bbfull_width\u00bb angled_section=\u00bbno\u00bb text_align=\u00bbleft\u00bb background_image_as_pattern=\u00bbwithout_pattern\u00bb z_index=\u00bb\u00bb anchor=\u00bbMENJADOR\u00bb][vc_column][vc_empty_space height=\u00bb50px\u00bb][\/vc_column][\/vc_row][vc_row css_animation=\u00bb\u00bb row_type=\u00bbrow\u00bb use_row_as_full_screen_section=\u00bbno\u00bb type=\u00bbgrid\u00bb angled_section=\u00bbno\u00bb text_align=\u00bbleft\u00bb background_image_as_pattern=\u00bbwithout_pattern\u00bb z_index=\u00bb\u00bb][vc_column width=\u00bb1\/3&#8243;][vc_hoverbox image=\u00bb3686&#8243; primary_title=\u00bb\u00bb hover_title=\u00bb\u00bb shape=\u00bbsquare\u00bb]<span style=\"color: #000000; font-size: 14px;\">Nuestro comedor con cocina propia es un espacio de aprendizaje y convivencia en el que se fomentan h\u00e1bitos saludables de alimentaci\u00f3n, salud e higiene. La comida se elabora en la cocina del colegio. Los men\u00fas est\u00e1n dise\u00f1ados por una nutricionista y se adaptan a cualquier casu\u00edstica.<\/span>[\/vc_hoverbox][\/vc_column][vc_column width=\u00bb1\/3&#8243;][vc_hoverbox image=\u00bb3682&#8243; primary_title=\u00bb\u00bb hover_title=\u00bb\u00bb shape=\u00bbsquare\u00bb]<span style=\"color: #000000; font-size: 14px;\">La escuela ofrece a las familias el uso de este servicio que pretende ser ayuda y facilitar la conciliaci\u00f3n laboral y familiar. Este servicio ofrece a alumnos de Educaci\u00f3n Infantil y Primaria la posibilidad de estar en el aula de acogida desde las 7.45 h de la ma\u00f1ana hasta la hora de comienzo de clase, y de las 17 a las 19 horas de la tarde. En este rato el alumnado podr\u00e1 jugar, leer, etc. pero siempre acompa\u00f1ados por una persona del centro. <\/span>[\/vc_hoverbox][\/vc_column][vc_column width=\u00bb1\/3&#8243;][vc_hoverbox image=\u00bb3684&#8243; primary_title=\u00bb\u00bb hover_title=\u00bb\u00bb shape=\u00bbsquare\u00bb]<span style=\"color: #000000; font-size: 14px;\">Los alumnos que quieran quedarse en la escuela, a partir de 3\u00ba de Primaria, para hacer deberes o esperar a que empiecen sus actividades extraescolares pueden ir a la Biblioteca que cuenta con el acompa\u00f1amiento de una persona del centro.<br \/>\nEst\u00e1 abierta de lunes a jueves de 17:00 a 19:00 h.<\/span><\/p>\n<p>&nbsp;[\/vc_hoverbox][\/vc_column][\/vc_row][vc_row css_animation=\u00bb\u00bb row_type=\u00bbrow\u00bb use_row_as_full_screen_section=\u00bbno\u00bb type=\u00bbfull_width\u00bb angled_section=\u00bbno\u00bb text_align=\u00bbleft\u00bb background_image_as_pattern=\u00bbwithout_pattern\u00bb z_index=\u00bb\u00bb anchor=\u00bbVENTA\u00bb][vc_column][vc_empty_space height=\u00bb50px\u00bb][\/vc_column][\/vc_row][vc_row css_animation=\u00bb\u00bb row_type=\u00bbrow\u00bb use_row_as_full_screen_section=\u00bbno\u00bb type=\u00bbgrid\u00bb angled_section=\u00bbno\u00bb text_align=\u00bbleft\u00bb background_image_as_pattern=\u00bbwithout_pattern\u00bb z_index=\u00bb\u00bb][vc_column width=\u00bb1\/3&#8243;][vc_hoverbox image=\u00bb3688&#8243; primary_title=\u00bb\u00bb hover_title=\u00bb\u00bb shape=\u00bbsquare\u00bb]<span style=\"color: #000000; font-size: 14px;\">Ofrecemos el servicio de venta de libros a todas las familias del centro. El proceso de reserva de libros se realiza de forma <em>online<\/em> y la entrega se realiza en la escuela.<\/span><br \/>\n&nbsp;<\/p>\n<p><strong><a href=\"https:\/\/gracia.escolateresiana.com\/wp-content\/uploads\/2025\/07\/LLIBRES-INFANTIL-PRIMARIA-CURS-25-26.pdf\" target=\"_blank\" rel=\"noopener\">&nbsp;<span style=\"color: #000000; font-size: 14px;\">Libros Infantil-Primaria curso 25-26<\/span><\/a><\/strong><br \/>\n&nbsp;<br \/>\n<strong><a href=\"https:\/\/gracia.escolateresiana.com\/wp-content\/uploads\/2025\/07\/LLIBRES-ESO-BTX-CURS-25-26.pdf\" target=\"_blank\" rel=\"noopener\">&nbsp;<span style=\"color: #000000; font-size: 14px;\">Libros ESO-BTX curso 25-26<\/span><\/a><\/strong><br \/>\n&nbsp;[\/vc_hoverbox][\/vc_column][vc_column width=\u00bb1\/3&#8243;][vc_hoverbox image=\u00bb3680&#8243; primary_title=\u00bb\u00bb hover_title=\u00bb\u00bb shape=\u00bbsquare\u00bb]<span style=\"color: #000000; font-size: 14px;\">Nuestro alumnado lleva uniforme en los niveles de Infantil y Primaria y de deporte en ESO. Disponemos de una tienda virtual donde puede adquirir todas las piezas necesarias para sus hijos e hijas.<\/span><\/p>\n<p><span style=\"color: #000000; font-size: 14px;\">Enlace : <a href=\"https:\/\/tienda.austral.es\/teresianas-santjosep\/index.php\">https:\/\/tienda.austral.es\/teresianas-santjosep\/index.php<\/a><\/span>[\/vc_hoverbox][\/vc_column][vc_column width=\u00bb1\/3&#8243;][vc_hoverbox image=\u00bb3690&#8243; primary_title=\u00bb\u00bb hover_title=\u00bb\u00bb shape=\u00bbsquare\u00bb]<span style=\"color: #000000; font-size: 14px;\">Servicio de Secretar\u00eda para realizar distintos tr\u00e1mites relacionados con la preinscripci\u00f3n, matriculaci\u00f3n y aspectos acad\u00e9micos.<br \/>\nLa Administraci\u00f3n est\u00e1 al servicio de las familias para todas las gestiones relacionadas con el \u00e1mbito econ\u00f3mico.<br \/>\nEl horario de atenci\u00f3n al p\u00fablico es de lunes a viernes de 8:30 a 10h y los martes y jueves de 16 a 17h.<\/span><\/p>\n<p>&nbsp;[\/vc_hoverbox][\/vc_column][\/vc_row][vc_row css_animation=\u00bb\u00bb row_type=\u00bbrow\u00bb use_row_as_full_screen_section=\u00bbno\u00bb type=\u00bbfull_width\u00bb angled_section=\u00bbno\u00bb text_align=\u00bbleft\u00bb background_image_as_pattern=\u00bbwithout_pattern\u00bb][vc_column][vc_empty_space height=\u00bb50px\u00bb][\/vc_column][\/vc_row]<\/p>\n","protected":false},"excerpt":{"rendered":"<p>[vc_row css_animation=\u00bb\u00bb row_type=\u00bbrow\u00bb use_row_as_full_screen_section=\u00bbno\u00bb type=\u00bbfull_width\u00bb angled_section=\u00bbno\u00bb text_align=\u00bbleft\u00bb background_image_as_pattern=\u00bbwithout_pattern\u00bb z_index=\u00bb\u00bb anchor=\u00bbMENJADOR\u00bb][vc_column][vc_empty_space height=\u00bb50px\u00bb][\/vc_column][\/vc_row][vc_row css_animation=\u00bb\u00bb row_type=\u00bbrow\u00bb use_row_as_full_screen_section=\u00bbno\u00bb type=\u00bbgrid\u00bb angled_section=\u00bbno\u00bb text_align=\u00bbleft\u00bb background_image_as_pattern=\u00bbwithout_pattern\u00bb z_index=\u00bb\u00bb][vc_column width=\u00bb1\/3&#8243;][vc_hoverbox image=\u00bb3686&#8243; primary_title=\u00bb\u00bb hover_title=\u00bb\u00bb shape=\u00bbsquare\u00bb]Nuestro comedor con cocina propia es un espacio de aprendizaje y convivencia en el que se fomentan h\u00e1bitos saludables de alimentaci\u00f3n, salud&#8230;<\/p>\n","protected":false},"author":1,"featured_media":0,"parent":0,"menu_order":0,"comment_status":"closed","ping_status":"closed","template":"full_width.php","meta":{"ngg_post_thumbnail":0,"footnotes":""},"class_list":["post-3432","page","type-page","status-publish","hentry"],"_links":{"self":[{"href":"https:\/\/gracia.escolateresiana.com\/es\/wp-json\/wp\/v2\/pages\/3432","targetHints":{"allow":["GET"]}}],"collection":[{"href":"https:\/\/gracia.escolateresiana.com\/es\/wp-json\/wp\/v2\/pages"}],"about":[{"href":"https:\/\/gracia.escolateresiana.com\/es\/wp-json\/wp\/v2\/types\/page"}],"author":[{"embeddable":true,"href":"https:\/\/gracia.escolateresiana.com\/es\/wp-json\/wp\/v2\/users\/1"}],"replies":[{"embeddable":true,"href":"https:\/\/gracia.escolateresiana.com\/es\/wp-json\/wp\/v2\/comments?post=3432"}],"version-history":[{"count":17,"href":"https:\/\/gracia.escolateresiana.com\/es\/wp-json\/wp\/v2\/pages\/3432\/revisions"}],"predecessor-version":[{"id":3692,"href":"https:\/\/gracia.escolateresiana.com\/es\/wp-json\/wp\/v2\/pages\/3432\/revisions\/3692"}],"wp:attachment":[{"href":"https:\/\/gracia.escolateresiana.com\/es\/wp-json\/wp\/v2\/media?parent=3432"}],"curies":[{"name":"wp","href":"https:\/\/api.w.org\/{rel}","templated":true}]}}