{"id":3495,"date":"2022-11-15T10:54:22","date_gmt":"2022-11-15T10:54:22","guid":{"rendered":"https:\/\/gracia.escolateresiana.com\/admisiones\/"},"modified":"2024-03-12T10:00:46","modified_gmt":"2024-03-12T10:00:46","slug":"admisiones","status":"publish","type":"page","link":"https:\/\/gracia.escolateresiana.com\/es\/admisiones\/","title":{"rendered":"Admisiones"},"content":{"rendered":"<p>[vc_row css_animation=\u00bb\u00bb row_type=\u00bbrow\u00bb use_row_as_full_screen_section=\u00bbno\u00bb type=\u00bbgrid\u00bb angled_section=\u00bbno\u00bb text_align=\u00bbleft\u00bb background_image_as_pattern=\u00bbwithout_pattern\u00bb z_index=\u00bb\u00bb css=\u00bb.vc_custom_1668510782450{background-image: url(https:\/\/gracia.escolateresiana.com\/wp-content\/uploads\/2022\/05\/fondo.png?id=704) !important;background-position: center !important;background-repeat: no-repeat !important;background-size: cover !important;}\u00bb][vc_column][vc_empty_space][vc_column_text]<\/p>\n<h3>Ven a conocernos<\/h3>\n<p>[\/vc_column_text][vc_empty_space height=\u00bb22px\u00bb][vc_column_text]El colegio es la segunda casa por nuestros alumnos y profesores, y entre todos formamos una familia.<\/p>\n<p>&nbsp;<\/p>\n<p>Queremos ser parte del crecimiento integral de tu hijo\/a, y nos gustar\u00eda poder ayudarte a tomar la decisi\u00f3n de escoger escuela. Por eso abrimos nuestro centro para vengas a conocernos y nos preguntes todo lo que desees saber sobre nuestro proyecto educativo y nuestro estilo pedag\u00f3gico.<\/p>\n<p>&nbsp;<\/p>\n<p>D\u00e9janos tus datos y contactaremos lo antes posible para concertar una visita individual a la escuela:[\/vc_column_text][vc_empty_space height=\u00bb22px\u00bb][vc_row_inner row_type=\u00bbrow\u00bb type=\u00bbfull_width\u00bb text_align=\u00bbleft\u00bb css_animation=\u00bb\u00bb][vc_column_inner width=\u00bb1\/6&#8243;][\/vc_column_inner][vc_column_inner width=\u00bb2\/3&#8243; css=\u00bb.vc_custom_1668511185317{padding-top: 30px !important;padding-right: 30px !important;padding-bottom: 30px !important;padding-left: 30px !important;background-color: rgba(129,215,66,0.45) !important;*background-color: rgb(129,215,66) !important;}\u00bb][vc_empty_space]\n<div class=\"wpcf7 no-js\" id=\"wpcf7-f3574-o1\" lang=\"es-ES\" dir=\"ltr\" data-wpcf7-id=\"3574\">\n<div class=\"screen-reader-response\"><p role=\"status\" aria-live=\"polite\" aria-atomic=\"true\"><\/p> <ul><\/ul><\/div>\n<form action=\"\/es\/wp-json\/wp\/v2\/pages\/3495#wpcf7-f3574-o1\" method=\"post\" class=\"wpcf7-form init cf7_custom_style_2\" aria-label=\"Formulario de contacto\" novalidate=\"novalidate\" data-status=\"init\">\n<fieldset class=\"hidden-fields-container\"><input type=\"hidden\" name=\"_wpcf7\" value=\"3574\" \/><input type=\"hidden\" name=\"_wpcf7_version\" value=\"6.1.5\" \/><input type=\"hidden\" name=\"_wpcf7_locale\" value=\"es_ES\" \/><input type=\"hidden\" name=\"_wpcf7_unit_tag\" value=\"wpcf7-f3574-o1\" \/><input type=\"hidden\" name=\"_wpcf7_container_post\" value=\"0\" \/><input type=\"hidden\" name=\"_wpcf7_posted_data_hash\" value=\"\" \/><input type=\"hidden\" name=\"_wpcf7_recaptcha_response\" value=\"\" \/>\n<\/fieldset>\n<div>\n\t<p><span class=\"wpcf7-form-control-wrap\" data-name=\"text-nom\"><input size=\"40\" maxlength=\"400\" class=\"wpcf7-form-control wpcf7-text\" aria-invalid=\"false\" placeholder=\"Nombre y apellidos\" value=\"\" type=\"text\" name=\"text-nom\" \/><\/span>\n\t<\/p>\n<\/div>\n<div>\n\t<p><span class=\"wpcf7-form-control-wrap\" data-name=\"text-email\"><input size=\"40\" maxlength=\"400\" class=\"wpcf7-form-control wpcf7-text\" aria-invalid=\"false\" placeholder=\"E-mail\" value=\"\" type=\"text\" name=\"text-email\" \/><\/span>\n\t<\/p>\n<\/div>\n<div>\n\t<p><span class=\"wpcf7-form-control-wrap\" data-name=\"text-tel\"><input size=\"40\" maxlength=\"400\" class=\"wpcf7-form-control wpcf7-text\" aria-invalid=\"false\" placeholder=\"Tel\u00e9fono\" value=\"\" type=\"text\" name=\"text-tel\" \/><\/span>\n\t<\/p>\n<\/div>\n<div>\n\t<p><span class=\"wpcf7-form-control-wrap\" data-name=\"text-fill\"><input size=\"40\" maxlength=\"400\" class=\"wpcf7-form-control wpcf7-text\" aria-invalid=\"false\" placeholder=\"Nombre del hijo\/a\" value=\"\" type=\"text\" name=\"text-fill\" \/><\/span>\n\t<\/p>\n<\/div>\n<div>\n\t<p><span class=\"wpcf7-form-control-wrap\" data-name=\"text-any\"><input size=\"40\" maxlength=\"400\" class=\"wpcf7-form-control wpcf7-text\" aria-invalid=\"false\" placeholder=\"A\u00f1o de nacimiento\" value=\"\" type=\"text\" name=\"text-any\" \/><\/span>\n\t<\/p>\n<\/div>\n<div>\n\t<p><span class=\"wpcf7-form-control-wrap\" data-name=\"text-curs\"><input size=\"40\" maxlength=\"400\" class=\"wpcf7-form-control wpcf7-text\" aria-invalid=\"false\" placeholder=\"Curso que est\u00e1is interesados\" value=\"\" type=\"text\" name=\"text-curs\" \/><\/span>\n\t<\/p>\n<\/div>\n<div>\n\t<p><span class=\"wpcf7-form-control-wrap\" data-name=\"textarea-observacions\"><textarea cols=\"40\" rows=\"10\" maxlength=\"2000\" class=\"wpcf7-form-control wpcf7-textarea\" aria-invalid=\"false\" placeholder=\"Observaciones\" name=\"textarea-observacions\"><\/textarea><\/span>\n\t<\/p>\n<\/div>\n<div>\n\t<p><span class=\"wpcf7-form-control-wrap\" data-name=\"acceptance-894\"><span class=\"wpcf7-form-control wpcf7-acceptance\"><span class=\"wpcf7-list-item\"><label><input type=\"checkbox\" name=\"acceptance-894\" value=\"1\" aria-invalid=\"false\" \/><span class=\"wpcf7-list-item-label\">Acepto la Pol\u00edtica de Privacidad<\/span><\/label><\/span><\/span><\/span>\n\t<\/p>\n<\/div>\n<p><input class=\"wpcf7-form-control wpcf7-submit has-spinner\" type=\"submit\" value=\"ENVIAR\" \/>\n<\/p><div class=\"wpcf7-response-output\" aria-hidden=\"true\"><\/div>\n<\/form>\n<\/div>\n[vc_empty_space][vc_column_text]<\/p>\n<p style=\"text-align: left; font-size: 12px;\">Fundaci\u00f3n Escuela Teresiana act\u00faa como responsable del tratamiento. Los datos personales que solicitamos son necesarios para gestionar su consulta en nuestro sitio web. La base para el tratamiento de datos se realiza a trav\u00e9s de este consentimiento expreso. La no facilitaci\u00f3n de los datos que se solicitan en el formulario tendr\u00e1 como consecuencia que la consulta no pueda ser atendida. Los datos se conservar\u00e1n mientras no se solicite su supresi\u00f3n y, en su caso, durante los plazos legales de aplicaci\u00f3n. No se ceder\u00e1n datos a terceros, salvo obligaci\u00f3n legal, ni est\u00e1n previstas transferencias internacionales de estos datos. Los interesados \u200b\u200bpueden ejercer los derechos de acceso, rectificaci\u00f3n, supresi\u00f3n, portabilidad y la limitaci\u00f3n o posici\u00f3n dirigi\u00e9ndose por escrito a la direcci\u00f3n del Responsable, C\/ Melqu\u00edades \u00c1lvarez, 8, 28003, Madrid o en el correo electr\u00f3nico <span id=\"cloakc754aabe9102a35763d39f9b9ba1bfb7\"><a href=\"mailto:fundacion@escuelateresiana.com\">fundacion@escuelateresiana.com<\/a><\/span>, indicando en el asunto \u00abProtecci\u00f3n de Datos\u00bb, as\u00ed como reclamar ante la Autoridad de Control (la Agencia Espa\u00f1ola de Protecci\u00f3n de Datos ww.aepd.com).<\/p>\n<p style=\"text-align: left; font-size: 12px;\">Para m\u00e1s informaci\u00f3n, consulte nuestra <a href=\"https:\/\/gracia.escolateresiana.com\/es\/politica-de-privacidad\/\">Pol\u00edtica de Privacidad.<\/a><\/p>\n<p>[\/vc_column_text][\/vc_column_inner][vc_column_inner width=\u00bb1\/6&#8243;][\/vc_column_inner][\/vc_row_inner][vc_empty_space][\/vc_column][\/vc_row][vc_row css_animation=\u00bb\u00bb row_type=\u00bbrow\u00bb use_row_as_full_screen_section=\u00bbno\u00bb type=\u00bbfull_width\u00bb angled_section=\u00bbno\u00bb text_align=\u00bbleft\u00bb background_image_as_pattern=\u00bbwithout_pattern\u00bb][vc_column][vc_video link=\u00bbhttps:\/\/www.youtube.com\/watch?v=U1GPYq4ND-w&amp;ab_channel=SantJosepTeresianesGr%C3%A0cia\u00bb][\/vc_column][\/vc_row][vc_row css_animation=\u00bb\u00bb row_type=\u00bbrow\u00bb use_row_as_full_screen_section=\u00bbno\u00bb type=\u00bbfull_width\u00bb angled_section=\u00bbno\u00bb text_align=\u00bbleft\u00bb background_image_as_pattern=\u00bbwithout_pattern\u00bb][vc_column][vc_gallery type=\u00bbimage_grid\u00bb images=\u00bb3137,3138,3139,3140&#8243; img_size=\u00bbfull\u00bb column_number=\u00bb4&#8243; grayscale=\u00bbno\u00bb images_space=\u00bbgallery_without_space\u00bb][\/vc_column][\/vc_row]<\/p>\n","protected":false},"excerpt":{"rendered":"<p>[vc_row css_animation=\u00bb\u00bb row_type=\u00bbrow\u00bb use_row_as_full_screen_section=\u00bbno\u00bb type=\u00bbgrid\u00bb angled_section=\u00bbno\u00bb text_align=\u00bbleft\u00bb background_image_as_pattern=\u00bbwithout_pattern\u00bb z_index=\u00bb\u00bb css=\u00bb.vc_custom_1668510782450{background-image: url(https:\/\/gracia.escolateresiana.com\/wp-content\/uploads\/2022\/05\/fondo.png?id=704) !important;background-position: center !important;background-repeat: no-repeat !important;background-size: cover !important;}\u00bb][vc_column][vc_empty_space][vc_column_text] Ven a conocernos [\/vc_column_text][vc_empty_space height=\u00bb22px\u00bb][vc_column_text]El colegio es la segunda casa por nuestros alumnos y profesores, y entre todos formamos una familia. &nbsp; Queremos ser parte del crecimiento&#8230;<\/p>\n","protected":false},"author":1,"featured_media":0,"parent":0,"menu_order":0,"comment_status":"closed","ping_status":"closed","template":"full_width.php","meta":{"ngg_post_thumbnail":0,"footnotes":""},"class_list":["post-3495","page","type-page","status-publish","hentry"],"_links":{"self":[{"href":"https:\/\/gracia.escolateresiana.com\/es\/wp-json\/wp\/v2\/pages\/3495","targetHints":{"allow":["GET"]}}],"collection":[{"href":"https:\/\/gracia.escolateresiana.com\/es\/wp-json\/wp\/v2\/pages"}],"about":[{"href":"https:\/\/gracia.escolateresiana.com\/es\/wp-json\/wp\/v2\/types\/page"}],"author":[{"embeddable":true,"href":"https:\/\/gracia.escolateresiana.com\/es\/wp-json\/wp\/v2\/users\/1"}],"replies":[{"embeddable":true,"href":"https:\/\/gracia.escolateresiana.com\/es\/wp-json\/wp\/v2\/comments?post=3495"}],"version-history":[{"count":9,"href":"https:\/\/gracia.escolateresiana.com\/es\/wp-json\/wp\/v2\/pages\/3495\/revisions"}],"predecessor-version":[{"id":3813,"href":"https:\/\/gracia.escolateresiana.com\/es\/wp-json\/wp\/v2\/pages\/3495\/revisions\/3813"}],"wp:attachment":[{"href":"https:\/\/gracia.escolateresiana.com\/es\/wp-json\/wp\/v2\/media?parent=3495"}],"curies":[{"name":"wp","href":"https:\/\/api.w.org\/{rel}","templated":true}]}}