{"id":3500,"date":"2023-03-03T09:11:06","date_gmt":"2023-03-03T09:11:06","guid":{"rendered":"https:\/\/gracia.escolateresiana.com\/preinscripcion-curso-24-25\/"},"modified":"2026-04-29T08:12:04","modified_gmt":"2026-04-29T08:12:04","slug":"preinscripcion-curso","status":"publish","type":"page","link":"https:\/\/gracia.escolateresiana.com\/es\/preinscripcion-curso\/","title":{"rendered":"Preinscripci\u00f3n curso 26-27"},"content":{"rendered":"<p>[vc_row css_animation=\u00bb\u00bb row_type=\u00bbrow\u00bb use_row_as_full_screen_section=\u00bbno\u00bb type=\u00bbfull_width\u00bb angled_section=\u00bbno\u00bb text_align=\u00bbleft\u00bb background_image_as_pattern=\u00bbwithout_pattern\u00bb css=\u00bb.vc_custom_1702997435748{background-color: rgba(71,196,25,0.24) !important;*background-color: rgb(71,196,25) !important;}\u00bb z_index=\u00bb\u00bb][vc_column][vc_empty_space][\/vc_column][\/vc_row][vc_row css_animation=\u00bb\u00bb row_type=\u00bbrow\u00bb use_row_as_full_screen_section=\u00bbno\u00bb type=\u00bbgrid\u00bb angled_section=\u00bbno\u00bb text_align=\u00bbleft\u00bb background_image_as_pattern=\u00bbwithout_pattern\u00bb z_index=\u00bb\u00bb css=\u00bb.vc_custom_1710326494397{background-color: rgba(71,196,25,0.24) !important;*background-color: rgb(71,196,25) !important;}\u00bb][vc_column]<div class=\"qode-accordion-holder clearfix qode-toggle qode-initial \">\n\t<h4 class=\"clearfix qode-title-holder\">\n<span class=\"qode-tab-title\">\n\t    <span class=\"qode-tab-title-inner\">\n        OFERTA INICIAL DE PLACES    <\/span>\n<\/span>\n<span class=\"qode-accordion-mark\">\n    <span class=\"qode-accordion-mark-icon\">\n        <span class=\"icon_plus\"><\/span>\n        <span class=\"icon_minus-06\"><\/span>\n    <\/span>\n<\/span>\n<\/h4>\n<div  class=\"qode-accordion-content \" >\n    <div class=\"qode-accordion-content-inner\">\n        [vc_column_text]<\/p>\n<h4><a href=\"https:\/\/gracia.escolateresiana.com\/wp-content\/uploads\/2026\/03\/Oferta-inicial.pdf\" target=\"_blank\" rel=\"noopener\">Publicaci\u00f3n de la oferta inicial de plazas &#8211; descargar PDF<\/a><\/h4>\n<p>[\/vc_column_text]    <\/div>\n<\/div><\/div>[vc_empty_space height=\u00bb10px\u00bb]<div class=\"qode-accordion-holder clearfix qode-toggle qode-initial \">\n\t<h4 class=\"clearfix qode-title-holder\">\n<span class=\"qode-tab-title\">\n\t    <span class=\"qode-tab-title-inner\">\n        PUBLICACI\u00d3N DE LA LISTA CON PUNTUACI\u00d3N PROVISIONAL    <\/span>\n<\/span>\n<span class=\"qode-accordion-mark\">\n    <span class=\"qode-accordion-mark-icon\">\n        <span class=\"icon_plus\"><\/span>\n        <span class=\"icon_minus-06\"><\/span>\n    <\/span>\n<\/span>\n<\/h4>\n<div  class=\"qode-accordion-content \" >\n    <div class=\"qode-accordion-content-inner\">\n        [vc_column_text]<\/p>\n<h4><a href=\"https:\/\/gracia.escolateresiana.com\/wp-content\/uploads\/2026\/04\/INFORME_BAREM_PROVISIONAL_BAREM.pdf\" target=\"_blank\" rel=\"noopener\">Publicaci\u00f3n de la lista con puntuaci\u00f3n provisional \u2013 descargar PDF<\/a><\/h4>\n<p>[\/vc_column_text]    <\/div>\n<\/div><\/div>[vc_empty_space height=\u00bb10px\u00bb]<div class=\"qode-accordion-holder clearfix qode-toggle qode-initial \">\n\t<h4 class=\"clearfix qode-title-holder\">\n<span class=\"qode-tab-title\">\n\t    <span class=\"qode-tab-title-inner\">\n        PUBLICACI\u00d3N DE LA LISTA ORDENADA    <\/span>\n<\/span>\n<span class=\"qode-accordion-mark\">\n    <span class=\"qode-accordion-mark-icon\">\n        <span class=\"icon_plus\"><\/span>\n        <span class=\"icon_minus-06\"><\/span>\n    <\/span>\n<\/span>\n<\/h4>\n<div  class=\"qode-accordion-content \" >\n    <div class=\"qode-accordion-content-inner\">\n        [vc_column_text]<\/p>\n<h4><a href=\"https:\/\/gracia.escolateresiana.com\/wp-content\/uploads\/2026\/04\/INFORME_BAREM_DEFINITIU_BAREM.pdf\" target=\"_blank\" rel=\"noopener\">Publicaci\u00f3n de la lista de solicitudes que han pedido el centro y la ense\u00f1anza en primera petici\u00f3n ordenada \u2013 descargar PDF<\/a><\/h4>\n<p>[\/vc_column_text]    <\/div>\n<\/div><\/div>[vc_empty_space height=\u00bb10px\u00bb]<div class=\"qode-accordion-holder clearfix qode-toggle qode-initial \">\n\t<h4 class=\"clearfix qode-title-holder\">\n<span class=\"qode-tab-title\">\n\t    <span class=\"qode-tab-title-inner\">\n        PUBLICACI\u00d3N DE LA LISTA CON LA PUNTUACI\u00d3N UNA VEZ RESUELTAS LAS RECLAMACIONES    <\/span>\n<\/span>\n<span class=\"qode-accordion-mark\">\n    <span class=\"qode-accordion-mark-icon\">\n        <span class=\"icon_plus\"><\/span>\n        <span class=\"icon_minus-06\"><\/span>\n    <\/span>\n<\/span>\n<\/h4>\n<div  class=\"qode-accordion-content \" >\n    <div class=\"qode-accordion-content-inner\">\n        [vc_column_text]<\/p>\n<h4>Publicaci\u00f3n de la lista con la puntuaci\u00f3n una vez resueltas las reclamaciones \u2013 descargar PDF &#8211; pendiente de actualizaci\u00f3n<\/h4>\n<p>[\/vc_column_text]    <\/div>\n<\/div><\/div>[vc_empty_space height=\u00bb10px\u00bb]<div class=\"qode-accordion-holder clearfix qode-toggle qode-initial \">\n\t<h4 class=\"clearfix qode-title-holder\">\n<span class=\"qode-tab-title\">\n\t    <span class=\"qode-tab-title-inner\">\n        PUBLICACI\u00d3N DE LA LISTA ALUMNOS ASIGNADOS AL CENTRO PRIMERA PETICI\u00d3N    <\/span>\n<\/span>\n<span class=\"qode-accordion-mark\">\n    <span class=\"qode-accordion-mark-icon\">\n        <span class=\"icon_plus\"><\/span>\n        <span class=\"icon_minus-06\"><\/span>\n    <\/span>\n<\/span>\n<\/h4>\n<div  class=\"qode-accordion-content \" >\n    <div class=\"qode-accordion-content-inner\">\n        [vc_column_text]<\/p>\n<h4>Publicaci\u00f3n de la lista de los alumnos asignados al centro con indicaci\u00f3n de la primera petici\u00f3n \u2013 descargar PDF &#8211; pendiente de actualizaci\u00f3n<\/h4>\n<p>&nbsp;[\/vc_column_text]    <\/div>\n<\/div><\/div>[vc_empty_space height=\u00bb10px\u00bb]<div class=\"qode-accordion-holder clearfix qode-toggle qode-initial \">\n\t<h4 class=\"clearfix qode-title-holder\">\n<span class=\"qode-tab-title\">\n\t    <span class=\"qode-tab-title-inner\">\n        PUBLICACI\u00d3N DE LA LISTA DE ESPERA DEL CENTRO    <\/span>\n<\/span>\n<span class=\"qode-accordion-mark\">\n    <span class=\"qode-accordion-mark-icon\">\n        <span class=\"icon_plus\"><\/span>\n        <span class=\"icon_minus-06\"><\/span>\n    <\/span>\n<\/span>\n<\/h4>\n<div  class=\"qode-accordion-content \" >\n    <div class=\"qode-accordion-content-inner\">\n        [vc_column_text]<\/p>\n<h4>Publicaci\u00f3n de la lista de espera del centro \u2013 descargar PDF &#8211; pendiente de actualizaci\u00f3n<\/h4>\n<p>&nbsp;[\/vc_column_text]    <\/div>\n<\/div><\/div>[vc_empty_space height=\u00bb10px\u00bb]<div class=\"qode-accordion-holder clearfix qode-toggle qode-initial \">\n\t<h4 class=\"clearfix qode-title-holder\">\n<span class=\"qode-tab-title\">\n\t    <span class=\"qode-tab-title-inner\">\n        PUBLICACI\u00d3N DE La OFERTA DEFINITIVA DE PLAZAS    <\/span>\n<\/span>\n<span class=\"qode-accordion-mark\">\n    <span class=\"qode-accordion-mark-icon\">\n        <span class=\"icon_plus\"><\/span>\n        <span class=\"icon_minus-06\"><\/span>\n    <\/span>\n<\/span>\n<\/h4>\n<div  class=\"qode-accordion-content \" >\n    <div class=\"qode-accordion-content-inner\">\n        [vc_column_text]<\/p>\n<h4>Publicaci\u00f3n de la oferta definitiva de plazas \u2013 descargar PDF &#8211; pendiente de actualizaci\u00f3n<\/h4>\n<p>&nbsp;[\/vc_column_text]    <\/div>\n<\/div><\/div>[\/vc_column][\/vc_row][vc_row css_animation=\u00bb\u00bb row_type=\u00bbrow\u00bb use_row_as_full_screen_section=\u00bbno\u00bb type=\u00bbfull_width\u00bb angled_section=\u00bbno\u00bb text_align=\u00bbleft\u00bb background_image_as_pattern=\u00bbwithout_pattern\u00bb css=\u00bb.vc_custom_1702997435748{background-color: rgba(71,196,25,0.24) !important;*background-color: rgb(71,196,25) !important;}\u00bb z_index=\u00bb\u00bb][vc_column][vc_empty_space][\/vc_column][\/vc_row][vc_row css_animation=\u00bb\u00bb row_type=\u00bbrow\u00bb use_row_as_full_screen_section=\u00bbno\u00bb type=\u00bbfull_width\u00bb angled_section=\u00bbno\u00bb text_align=\u00bbleft\u00bb background_image_as_pattern=\u00bbwithout_pattern\u00bb][vc_column][vc_gallery type=\u00bbimage_grid\u00bb images=\u00bb3137,3138,3139,3140&#8243; img_size=\u00bbfull\u00bb column_number=\u00bb4&#8243; grayscale=\u00bbno\u00bb images_space=\u00bbgallery_without_space\u00bb][\/vc_column][\/vc_row]<\/p>\n","protected":false},"excerpt":{"rendered":"<p>[vc_row css_animation=\u00bb\u00bb row_type=\u00bbrow\u00bb use_row_as_full_screen_section=\u00bbno\u00bb type=\u00bbfull_width\u00bb angled_section=\u00bbno\u00bb text_align=\u00bbleft\u00bb background_image_as_pattern=\u00bbwithout_pattern\u00bb css=\u00bb.vc_custom_1702997435748{background-color: rgba(71,196,25,0.24) !important;*background-color: rgb(71,196,25) !important;}\u00bb z_index=\u00bb\u00bb][vc_column][vc_empty_space][\/vc_column][\/vc_row][vc_row css_animation=\u00bb\u00bb row_type=\u00bbrow\u00bb use_row_as_full_screen_section=\u00bbno\u00bb type=\u00bbgrid\u00bb angled_section=\u00bbno\u00bb text_align=\u00bbleft\u00bb background_image_as_pattern=\u00bbwithout_pattern\u00bb z_index=\u00bb\u00bb css=\u00bb.vc_custom_1710326494397{background-color: rgba(71,196,25,0.24) !important;*background-color: rgb(71,196,25) !important;}\u00bb][vc_column][vc_empty_space height=\u00bb10px\u00bb][vc_empty_space height=\u00bb10px\u00bb][vc_empty_space height=\u00bb10px\u00bb][vc_empty_space height=\u00bb10px\u00bb][vc_empty_space height=\u00bb10px\u00bb][vc_empty_space height=\u00bb10px\u00bb][\/vc_column][\/vc_row][vc_row css_animation=\u00bb\u00bb row_type=\u00bbrow\u00bb use_row_as_full_screen_section=\u00bbno\u00bb type=\u00bbfull_width\u00bb angled_section=\u00bbno\u00bb text_align=\u00bbleft\u00bb background_image_as_pattern=\u00bbwithout_pattern\u00bb css=\u00bb.vc_custom_1702997435748{background-color: rgba(71,196,25,0.24) !important;*background-color: rgb(71,196,25) !important;}\u00bb&#8230;<\/p>\n","protected":false},"author":1,"featured_media":0,"parent":0,"menu_order":0,"comment_status":"closed","ping_status":"closed","template":"full_width.php","meta":{"ngg_post_thumbnail":0,"footnotes":""},"class_list":["post-3500","page","type-page","status-publish","hentry"],"_links":{"self":[{"href":"https:\/\/gracia.escolateresiana.com\/es\/wp-json\/wp\/v2\/pages\/3500","targetHints":{"allow":["GET"]}}],"collection":[{"href":"https:\/\/gracia.escolateresiana.com\/es\/wp-json\/wp\/v2\/pages"}],"about":[{"href":"https:\/\/gracia.escolateresiana.com\/es\/wp-json\/wp\/v2\/types\/page"}],"author":[{"embeddable":true,"href":"https:\/\/gracia.escolateresiana.com\/es\/wp-json\/wp\/v2\/users\/1"}],"replies":[{"embeddable":true,"href":"https:\/\/gracia.escolateresiana.com\/es\/wp-json\/wp\/v2\/comments?post=3500"}],"version-history":[{"count":53,"href":"https:\/\/gracia.escolateresiana.com\/es\/wp-json\/wp\/v2\/pages\/3500\/revisions"}],"predecessor-version":[{"id":4623,"href":"https:\/\/gracia.escolateresiana.com\/es\/wp-json\/wp\/v2\/pages\/3500\/revisions\/4623"}],"wp:attachment":[{"href":"https:\/\/gracia.escolateresiana.com\/es\/wp-json\/wp\/v2\/media?parent=3500"}],"curies":[{"name":"wp","href":"https:\/\/api.w.org\/{rel}","templated":true}]}}