{"id":3516,"date":"2022-11-28T10:48:47","date_gmt":"2022-11-28T10:48:47","guid":{"rendered":"https:\/\/gracia.escolateresiana.com\/aviso-legal\/"},"modified":"2024-02-23T10:36:29","modified_gmt":"2024-02-23T10:36:29","slug":"aviso-legal","status":"publish","type":"page","link":"https:\/\/gracia.escolateresiana.com\/es\/aviso-legal\/","title":{"rendered":"Aviso legal"},"content":{"rendered":"<p>[vc_row css_animation=\u00bb\u00bb row_type=\u00bbrow\u00bb use_row_as_full_screen_section=\u00bbno\u00bb type=\u00bbfull_width\u00bb angled_section=\u00bbno\u00bb text_align=\u00bbleft\u00bb background_image_as_pattern=\u00bbwithout_pattern\u00bb css=\u00bb.vc_custom_1668513887615{background-color: #ffffff !important;}\u00bb z_index=\u00bb\u00bb][vc_column][vc_empty_space][\/vc_column][\/vc_row][vc_row css_animation=\u00bbelement_from_right\u00bb row_type=\u00bbrow\u00bb use_row_as_full_screen_section=\u00bbno\u00bb type=\u00bbgrid\u00bb angled_section=\u00bbno\u00bb text_align=\u00bbleft\u00bb background_image_as_pattern=\u00bbwithout_pattern\u00bb css=\u00bb.vc_custom_1668513236165{background-color: #ffffff !important;}\u00bb z_index=\u00bb\u00bb][vc_column css=\u00bb.vc_custom_1668684558080{padding-top: 30px !important;padding-right: 30px !important;padding-bottom: 30px !important;padding-left: 30px !important;background-position: center !important;background-repeat: no-repeat !important;background-size: cover !important;}\u00bb][vc_column_text]El presente aviso legal regula el uso del sitio web tortosa.escolateresiana.com, del colegio SANT JOSEP TERESIANES &#8211; GRACIA, con CIF G85853455 y con domicilio calle N\u00e1poles, 359 \u00b7 08025 \u00b7 Barcelona<br \/>\nTel\u00e9fono: 93 207 57 11<br \/>\nEmail: <a class=\"negro\" href=\"mailto:infosecretaria@gracia.escolateresiana.com\">infosecretaria@gracia.escolateresiana.com<\/a><\/p>\n<p>&nbsp;<\/p>\n<p>El colegio SAN JOS\u00c9 TERESIANAS &#8211; GRACIA pertenece a la Fundaci\u00f3n Escuela Teresiana, que como Entidad Titular y \u00faltima responsable, establece los criterios y principios que definen su Educaci\u00f3n.<\/p>\n<p>&nbsp;<\/p>\n<p>Todos los derechos de propiedad industrial e intelectual de este website, as\u00ed como de los elementos contenidos en \u00e9ste, pertenecen al colegio SANT JOSEP TERESIANES &#8211; GRACIA.<\/p>\n<p>&nbsp;<\/p>\n<p><strong>Condiciones generales de uso<\/strong><\/p>\n<p>&nbsp;<\/p>\n<p>El objetivo de este website es facilitar la comunicaci\u00f3n entre el colegio SANT JOSEP TERESIANES &#8211; GRACIA y sus alumnos y familiares, as\u00ed como ofrecer informaci\u00f3n y servicios de su inter\u00e9s.<\/p>\n<p>&nbsp;<\/p>\n<p>El usuario podr\u00e1 visualizar, imprimir o copiar sus contenidos siempre que sea, exclusivamente, para su uso personal y privado, quedando, por tanto, terminantemente prohibida su utilizaci\u00f3n con fines comerciales, la distribuci\u00f3n, as\u00ed como la modificaci\u00f3n o alteraci\u00f3n de tales contenidos.<\/p>\n<p>&nbsp;<\/p>\n<p>Todos los elementos gr\u00e1ficos, logotipos y anagramas que conforman que el colegio SANT JOSEP TERESIANES &#8211; GRACIA est\u00e1n sujetos a derechos de propiedad industrial e intelectual y son propiedad exclusiva del colegio.<\/p>\n<p>&nbsp;<\/p>\n<p>El colegio SANT JOSEP TERESIANES &#8211; GRACIA se reserva el derecho de efectuar sin previo aviso las modificaciones que considere oportunas, pudiendo cambiar, suprimir o a\u00f1adir contenidos<br \/>\n<strong>Enlaces desde otras webs<\/strong><\/p>\n<p>&nbsp;<\/p>\n<p>Los usuarios y en general cualquier persona f\u00edsica o jur\u00eddica que se proponga establecer un link entre sus p\u00e1ginas web y la web del colegio SANT JOSEP TERESIANES &#8211; GRACIA o cualquiera de sus secciones, podr\u00e1 hacerlo sin que se requiera autorizaci\u00f3n previa para escrito por parte del Colegio y siempre que se respete la estructura de la parte de la web donde enlace.[\/vc_column_text][\/vc_column][\/vc_row][vc_row css_animation=\u00bb\u00bb row_type=\u00bbrow\u00bb use_row_as_full_screen_section=\u00bbno\u00bb type=\u00bbfull_width\u00bb angled_section=\u00bbno\u00bb text_align=\u00bbleft\u00bb background_image_as_pattern=\u00bbwithout_pattern\u00bb css=\u00bb.vc_custom_1668513895281{background-color: #ffffff !important;}\u00bb z_index=\u00bb\u00bb][vc_column][vc_empty_space][\/vc_column][\/vc_row]<\/p>\n","protected":false},"excerpt":{"rendered":"<p>[vc_row css_animation=\u00bb\u00bb row_type=\u00bbrow\u00bb use_row_as_full_screen_section=\u00bbno\u00bb type=\u00bbfull_width\u00bb angled_section=\u00bbno\u00bb text_align=\u00bbleft\u00bb background_image_as_pattern=\u00bbwithout_pattern\u00bb css=\u00bb.vc_custom_1668513887615{background-color: #ffffff !important;}\u00bb z_index=\u00bb\u00bb][vc_column][vc_empty_space][\/vc_column][\/vc_row][vc_row css_animation=\u00bbelement_from_right\u00bb row_type=\u00bbrow\u00bb use_row_as_full_screen_section=\u00bbno\u00bb type=\u00bbgrid\u00bb angled_section=\u00bbno\u00bb text_align=\u00bbleft\u00bb background_image_as_pattern=\u00bbwithout_pattern\u00bb css=\u00bb.vc_custom_1668513236165{background-color: #ffffff !important;}\u00bb z_index=\u00bb\u00bb][vc_column css=\u00bb.vc_custom_1668684558080{padding-top: 30px !important;padding-right: 30px !important;padding-bottom: 30px !important;padding-left: 30px !important;background-position: center !important;background-repeat: no-repeat !important;background-size: cover !important;}\u00bb][vc_column_text]El presente aviso legal regula el uso del&#8230;<\/p>\n","protected":false},"author":1,"featured_media":0,"parent":0,"menu_order":0,"comment_status":"closed","ping_status":"closed","template":"full_width.php","meta":{"ngg_post_thumbnail":0,"footnotes":""},"class_list":["post-3516","page","type-page","status-publish","hentry"],"_links":{"self":[{"href":"https:\/\/gracia.escolateresiana.com\/es\/wp-json\/wp\/v2\/pages\/3516","targetHints":{"allow":["GET"]}}],"collection":[{"href":"https:\/\/gracia.escolateresiana.com\/es\/wp-json\/wp\/v2\/pages"}],"about":[{"href":"https:\/\/gracia.escolateresiana.com\/es\/wp-json\/wp\/v2\/types\/page"}],"author":[{"embeddable":true,"href":"https:\/\/gracia.escolateresiana.com\/es\/wp-json\/wp\/v2\/users\/1"}],"replies":[{"embeddable":true,"href":"https:\/\/gracia.escolateresiana.com\/es\/wp-json\/wp\/v2\/comments?post=3516"}],"version-history":[{"count":2,"href":"https:\/\/gracia.escolateresiana.com\/es\/wp-json\/wp\/v2\/pages\/3516\/revisions"}],"predecessor-version":[{"id":3669,"href":"https:\/\/gracia.escolateresiana.com\/es\/wp-json\/wp\/v2\/pages\/3516\/revisions\/3669"}],"wp:attachment":[{"href":"https:\/\/gracia.escolateresiana.com\/es\/wp-json\/wp\/v2\/media?parent=3516"}],"curies":[{"name":"wp","href":"https:\/\/api.w.org\/{rel}","templated":true}]}}