{"id":3533,"date":"2022-11-08T14:06:11","date_gmt":"2022-11-08T14:06:11","guid":{"rendered":"https:\/\/gracia.escolateresiana.com\/bachillerato\/"},"modified":"2026-01-29T08:55:11","modified_gmt":"2026-01-29T08:55:11","slug":"bachillerato","status":"publish","type":"page","link":"https:\/\/gracia.escolateresiana.com\/es\/bachillerato\/","title":{"rendered":"Bachillerato"},"content":{"rendered":"<p>[vc_row css_animation=\u00bb\u00bb row_type=\u00bbrow\u00bb use_row_as_full_screen_section=\u00bbno\u00bb type=\u00bbfull_width\u00bb angled_section=\u00bbno\u00bb text_align=\u00bbleft\u00bb background_image_as_pattern=\u00bbwithout_pattern\u00bb][vc_column]\n\t\t\t<!-- START Bachillerato New REVOLUTION SLIDER 6.5.14 --><p class=\"rs-p-wp-fix\"><\/p>\n\t\t\t<rs-module-wrap id=\"rev_slider_22_1_wrapper\" data-source=\"gallery\" style=\"visibility:hidden;background:transparent;padding:0;margin:0px auto;margin-top:0;margin-bottom:0;\">\n\t\t\t\t<rs-module id=\"rev_slider_22_1\" style=\"\" data-version=\"6.5.14\">\n\t\t\t\t\t<rs-slides>\n\t\t\t\t\t\t<rs-slide style=\"position: absolute;\" data-key=\"rs-24\" data-title=\"Slide\" data-in=\"o:0;\" data-out=\"a:false;\">\n\t\t\t\t\t\t\t<img decoding=\"async\" src=\"\/\/gracia.escolateresiana.com\/wp-content\/plugins\/revslider\/public\/assets\/assets\/dummy.png\" alt=\"Slide\" title=\"Bachillerato\" class=\"rev-slidebg tp-rs-img rs-lazyload\" data-lazyload=\"\/\/gracia.escolateresiana.com\/wp-content\/plugins\/revslider\/public\/assets\/assets\/transparent.png\" data-bg=\"c:#45ac34;\" data-no-retina>\n<!--\n\t\t\t\t\t\t\t--><rs-layer\n\t\t\t\t\t\t\t\tid=\"slider-22-slide-24-layer-0\" \n\t\t\t\t\t\t\t\tclass=\"rs-fsv rs-layer-video intrinsic-ignore\"\n\t\t\t\t\t\t\t\tdata-type=\"video\"\n\t\t\t\t\t\t\t\tdata-rsp_ch=\"on\"\n\t\t\t\t\t\t\t\tdata-xy=\"x:0;y:0;\"\n\t\t\t\t\t\t\t\tdata-text=\"w:normal;\"\n\t\t\t\t\t\t\t\tdata-dim=\"w:100%;h:100%;\"\n\t\t\t\t\t\t\t\tdata-basealign=\"slide\"\n\t\t\t\t\t\t\t\tdata-video=\"vfc:true;vd:100;fc:true;l:true;ptimer:false;nse:f;\"\n\t\t\t\t\t\t\t\tdata-poster=\"\/\/gracia.escolateresiana.com\/wp-content\/uploads\/revslider\/video-media\/Teresianes-ESO-BAT-2_24_layer.jpeg\"\n\t\t\t\t\t\t\t\tdata-mp4=\"\/\/gracia.escolateresiana.com\/wp-content\/uploads\/2026\/01\/Teresianes-ESO-BAT-2.mp4\"\n\t\t\t\t\t\t\t\tdata-frame_999=\"o:0;st:w;sR:8700;\"\n\t\t\t\t\t\t\t\tstyle=\"z-index:8;\"\n\t\t\t\t\t\t\t>\n\t\t\t\t\t\t\t<\/rs-layer><!--\n-->\t\t\t\t\t\t<\/rs-slide>\n\t\t\t\t\t<\/rs-slides>\n\t\t\t\t<\/rs-module>\n\t\t\t\t<script>\n\t\t\t\t\tsetREVStartSize({c: 'rev_slider_22_1',rl:[1240,1024,778,480],el:[700],gw:[ 1280],gh:[700],type:'standard',justify:'',layout:'fullwidth',mh:\"0\"});if (window.RS_MODULES!==undefined && window.RS_MODULES.modules!==undefined && window.RS_MODULES.modules[\"revslider221\"]!==undefined) {window.RS_MODULES.modules[\"revslider221\"].once = false;window.revapi22 = undefined;if (window.RS_MODULES.checkMinimal!==undefined) window.RS_MODULES.checkMinimal()}\n\t\t\t\t<\/script>\n\t\t\t<\/rs-module-wrap>\n\t\t\t<!-- END REVOLUTION SLIDER -->\n[\/vc_column][\/vc_row][vc_row css_animation=\u00bb\u00bb row_type=\u00bbrow\u00bb use_row_as_full_screen_section=\u00bbno\u00bb type=\u00bbfull_width\u00bb angled_section=\u00bbno\u00bb text_align=\u00bbleft\u00bb background_image_as_pattern=\u00bbwithout_pattern\u00bb][vc_column][qode_elements_holder number_of_columns=\u00bbtwo_columns\u00bb][qode_elements_holder_item advanced_animations=\u00bbno\u00bb][vc_single_image image=\u00bb3177&#8243; img_size=\u00bbfull\u00bb qode_css_animation=\u00bb\u00bb][\/qode_elements_holder_item][qode_elements_holder_item advanced_animations=\u00bbno\u00bb item_padding=\u00bb0px 30px 0px 30px\u00bb][vc_column_text]<\/p>\n<h2><span style=\"color: #45ac34;\">Bachillerato<\/span><\/h2>\n<p>&nbsp;<\/p>\n<h4><strong>Personas transformadoras de nuestra sociedad.<\/strong><\/h4>\n<p>&nbsp;<\/p>\n<p>La etapa del Bachillerato (16 a 18 a\u00f1os) es la m\u00e1s importante porque el alumno\/a ha desarrollado ya su propia personalidad, con capacidad cr\u00edtica y se ha convertido en agente transformador de nuestra sociedad. Es el final de una etapa de crecimiento integral en la que se habr\u00e1 llegado al m\u00e1ximo desarrollo de sus competencias.<\/p>\n<p>&nbsp;<\/p>\n<p>Queremos alumnos abiertos a su entorno y preparados hacia la excelencia, donde el acompa\u00f1amiento personalizado y la orientaci\u00f3n acad\u00e9mica y profesional le ayudar\u00e1n a afrontar el futuro de la mejor forma posible, ya sean las pruebas de acceso a la universidad como otros estudios posteriores.[\/vc_column_text][\/qode_elements_holder_item][\/qode_elements_holder][\/vc_column][\/vc_row][vc_row css_animation=\u00bb\u00bb row_type=\u00bbrow\u00bb use_row_as_full_screen_section=\u00bbno\u00bb type=\u00bbfull_width\u00bb angled_section=\u00bbno\u00bb text_align=\u00bbleft\u00bb background_image_as_pattern=\u00bbwithout_pattern\u00bb][vc_column][vc_empty_space height=\u00bb90px\u00bb][\/vc_column][\/vc_row][vc_row css_animation=\u00bb\u00bb row_type=\u00bbrow\u00bb use_row_as_full_screen_section=\u00bbno\u00bb type=\u00bbgrid\u00bb angled_section=\u00bbno\u00bb text_align=\u00bbleft\u00bb background_image_as_pattern=\u00bbwithout_pattern\u00bb z_index=\u00bb\u00bb][vc_column width=\u00bb1\/2&#8243;]<div class=\"qode-accordion-holder clearfix qode-toggle qode-initial \">\n\t<h4 class=\"clearfix qode-title-holder\">\n<span class=\"qode-tab-title\">\n\t    <span class=\"qode-tab-title-inner\">\n        MODALIDADES    <\/span>\n<\/span>\n<span class=\"qode-accordion-mark\">\n    <span class=\"qode-accordion-mark-icon\">\n        <span class=\"icon_plus\"><\/span>\n        <span class=\"icon_minus-06\"><\/span>\n    <\/span>\n<\/span>\n<\/h4>\n<div  class=\"qode-accordion-content \" >\n    <div class=\"qode-accordion-content-inner\">\n        [vc_column_text]El alumnado puede elegir entre las distintas modalidades de Bachillerato: human\u00edstico, social, cient\u00edfico y tecnol\u00f3gico.<\/p>\n<p>&nbsp;<\/p>\n<p>Cada modalidad tiene asociadas diferentes materias que se trabajan de forma m\u00e1s competencial como retos de f\u00edsica y qu\u00edmica, retos de biolog\u00eda y geolog\u00eda, creaci\u00f3n literaria, problem\u00e1tica social y ciudadan\u00eda, derecho y pol\u00edtica.[\/vc_column_text][vc_empty_space][vc_gallery type=\u00bbimage_grid\u00bb images=\u00bb3280,3281,3282&#8243; img_size=\u00bbfull\u00bb column_number=\u00bb3&#8243; grayscale=\u00bbno\u00bb images_space=\u00bbgallery_without_space\u00bb]    <\/div>\n<\/div><h4 class=\"clearfix qode-title-holder\">\n<span class=\"qode-tab-title\">\n\t    <span class=\"qode-tab-title-inner\">\n        METODOLOG\u00cdAS INNOVADORAS    <\/span>\n<\/span>\n<span class=\"qode-accordion-mark\">\n    <span class=\"qode-accordion-mark-icon\">\n        <span class=\"icon_plus\"><\/span>\n        <span class=\"icon_minus-06\"><\/span>\n    <\/span>\n<\/span>\n<\/h4>\n<div  class=\"qode-accordion-content \" >\n    <div class=\"qode-accordion-content-inner\">\n        [vc_column_text]Nuestra metodolog\u00eda en el Bachillerato trabaja sobre todo el pensamiento cr\u00edtico. Trabajamos las materias comunes y de modalidad con rigor para que nuestros alumnos&nbsp; tengan la mejor base posible para continuar sus estudios universitarios. Trabajamos a partir de la metodolog\u00eda del trabajo cooperativo y de forma m\u00e1s competencial, experimental y vivencial las materias optativas de retos cient\u00edficos, o de creaci\u00f3n literaria.<\/p>\n<p>&nbsp;<\/p>\n<p>El alumnado es el verdadero protagonista de su proceso de aprendizaje. Gran parte de este proceso se ve en la realizaci\u00f3n del trabajo de investigaci\u00f3n, a trav\u00e9s del cual se desarrollan habilidades comunicativas, de experimentaci\u00f3n&nbsp; y la conexi\u00f3n del aprendizaje en los&nbsp; diferentes contextos.[\/vc_column_text][vc_empty_space][vc_gallery type=\u00bbimage_grid\u00bb images=\u00bb3283,3284,3285&#8243; img_size=\u00bbfull\u00bb column_number=\u00bb3&#8243; grayscale=\u00bbno\u00bb images_space=\u00bbgallery_without_space\u00bb]    <\/div>\n<\/div><h4 class=\"clearfix qode-title-holder\">\n<span class=\"qode-tab-title\">\n\t    <span class=\"qode-tab-title-inner\">\n        BACHILLERATO DUAL    <\/span>\n<\/span>\n<span class=\"qode-accordion-mark\">\n    <span class=\"qode-accordion-mark-icon\">\n        <span class=\"icon_plus\"><\/span>\n        <span class=\"icon_minus-06\"><\/span>\n    <\/span>\n<\/span>\n<\/h4>\n<div  class=\"qode-accordion-content \" >\n    <div class=\"qode-accordion-content-inner\">\n        [vc_column_text]A partir de 2\u00ba&nbsp; de ESO nuestro alumnado&nbsp; puede decidir iniciar este programa que supone una inmersi\u00f3n tecnol\u00f3gica y personal. Tambi\u00e9n le permitir\u00e1 finalizar una doble titulaci\u00f3n en la etapa de Bachillerato: el Bachillerato y el American High School Diploma.<\/p>\n<p>&nbsp;<\/p>\n<p><a href=\"https:\/\/www.academica.school\/los300mejores\">https:\/\/www.academica.school\/los300mejores<\/a><\/p>\n<p>&nbsp;<\/p>\n<p><strong>#Los300Mejores<\/strong>[\/vc_column_text][vc_empty_space][vc_single_image image=\u00bb3065&#8243; img_size=\u00bbfull\u00bb qode_css_animation=\u00bb\u00bb]    <\/div>\n<\/div><h4 class=\"clearfix qode-title-holder\">\n<span class=\"qode-tab-title\">\n\t    <span class=\"qode-tab-title-inner\">\n        EVALUACIONES EXTERNAS    <\/span>\n<\/span>\n<span class=\"qode-accordion-mark\">\n    <span class=\"qode-accordion-mark-icon\">\n        <span class=\"icon_plus\"><\/span>\n        <span class=\"icon_minus-06\"><\/span>\n    <\/span>\n<\/span>\n<\/h4>\n<div  class=\"qode-accordion-content \" >\n    <div class=\"qode-accordion-content-inner\">\n        [vc_column_text]Nuestros resultados son muy satisfactorios.<\/p>\n<p>&nbsp;<\/p>\n<p>Cada curso, en las Pruebas de Acceso a la Universidad,&nbsp; la media de las notas de nuestros alumnos nos sit\u00faan entre las 100 primeras notas de escuelas de Catalu\u00f1a.<\/p>\n<p>&nbsp;<\/p>\n<p>El aprobado en PAU es del 100% y la nota media de los \u00faltimos cursos es un 7,31.<\/p>\n<p>&nbsp;<\/p>\n<p>Cada curso nuestros alumnos reciben menciones honor\u00edficas (alumnos que en la fase general de la PAU se sit\u00faan por encima de 9).<\/p>\n<p>&nbsp;<\/p>\n<p>El rendimiento de nuestro alumnado en los estudios universitarios es muy notable.[\/vc_column_text][vc_empty_space][vc_gallery type=\u00bbimage_grid\u00bb images=\u00bb3286,3287,3288&#8243; img_size=\u00bbfull\u00bb column_number=\u00bb3&#8243; grayscale=\u00bbno\u00bb images_space=\u00bbgallery_without_space\u00bb]    <\/div>\n<\/div><h4 class=\"clearfix qode-title-holder\">\n<span class=\"qode-tab-title\">\n\t    <span class=\"qode-tab-title-inner\">\n        PLAN DE INTERIORIDAD MirarTE    <\/span>\n<\/span>\n<span class=\"qode-accordion-mark\">\n    <span class=\"qode-accordion-mark-icon\">\n        <span class=\"icon_plus\"><\/span>\n        <span class=\"icon_minus-06\"><\/span>\n    <\/span>\n<\/span>\n<\/h4>\n<div  class=\"qode-accordion-content \" >\n    <div class=\"qode-accordion-content-inner\">\n        [vc_column_text]A trav\u00e9s de este programa nos acercamos al interior de la persona, al interior de cada uno. Queremos que sirva para descubrir la propia riqueza interior y les permita acercarse a los dem\u00e1s, al mundo y a la trascendencia.[\/vc_column_text][vc_empty_space][vc_gallery type=\u00bbimage_grid\u00bb images=\u00bb3289,3290,3291&#8243; img_size=\u00bbfull\u00bb column_number=\u00bb3&#8243; grayscale=\u00bbno\u00bb images_space=\u00bbgallery_without_space\u00bb]    <\/div>\n<\/div><\/div>[\/vc_column][vc_column width=\u00bb1\/2&#8243;]<div class=\"qode-accordion-holder clearfix qode-toggle qode-initial \">\n\t<h4 class=\"clearfix qode-title-holder\">\n<span class=\"qode-tab-title\">\n\t    <span class=\"qode-tab-title-inner\">\n        PLAN DE ACCI\u00d3N TUTORIAL Acompa\u00f1arTE    <\/span>\n<\/span>\n<span class=\"qode-accordion-mark\">\n    <span class=\"qode-accordion-mark-icon\">\n        <span class=\"icon_plus\"><\/span>\n        <span class=\"icon_minus-06\"><\/span>\n    <\/span>\n<\/span>\n<\/h4>\n<div  class=\"qode-accordion-content \" >\n    <div class=\"qode-accordion-content-inner\">\n        [vc_column_text]El objetivo de nuestro Plan de Acci\u00f3n Tutorial es poder acompa\u00f1ar a nuestro alumnado en su crecimiento personal, emocional y social. Adem\u00e1s de un acompa\u00f1amiento personalizado, incorporamos una sesi\u00f3n semanal de tutor\u00eda grupal en el aula.<\/p>\n<p>&nbsp;<\/p>\n<p>Este Plan ha sido dise\u00f1ado por la Fundaci\u00f3n Escuela Teresiana.<\/p>\n<p><img loading=\"lazy\" decoding=\"async\" class=\"size-full wp-image-3910 aligncenter\" src=\"https:\/\/gracia.escolateresiana.com\/wp-content\/uploads\/2024\/05\/acom-cast-300x300-1.png\" alt=\"\" width=\"300\" height=\"300\" srcset=\"https:\/\/gracia.escolateresiana.com\/wp-content\/uploads\/2024\/05\/acom-cast-300x300-1.png 300w, https:\/\/gracia.escolateresiana.com\/wp-content\/uploads\/2024\/05\/acom-cast-300x300-1-150x150.png 150w\" sizes=\"auto, (max-width: 300px) 100vw, 300px\" \/>[\/vc_column_text][vc_gallery type=\u00bbimage_grid\u00bb images=\u00bb3292,3293,3294&#8243; img_size=\u00bbfull\u00bb column_number=\u00bb3&#8243; grayscale=\u00bbno\u00bb images_space=\u00bbgallery_without_space\u00bb]    <\/div>\n<\/div><h4 class=\"clearfix qode-title-holder\">\n<span class=\"qode-tab-title\">\n\t    <span class=\"qode-tab-title-inner\">\n        M\u00daSICA    <\/span>\n<\/span>\n<span class=\"qode-accordion-mark\">\n    <span class=\"qode-accordion-mark-icon\">\n        <span class=\"icon_plus\"><\/span>\n        <span class=\"icon_minus-06\"><\/span>\n    <\/span>\n<\/span>\n<\/h4>\n<div  class=\"qode-accordion-content \" >\n    <div class=\"qode-accordion-content-inner\">\n        [vc_column_text]Desde la escuela potenciamos el aprendizaje de la m\u00fasica porque influye directamente en el desarrollo creativo, intelectual y psicol\u00f3gico del alumno.<\/p>\n<p>&nbsp;<\/p>\n<p>El centro dispone de Escuela de M\u00fasica que complementa, de forma extraescolar, el aprendizaje de esta \u00e1rea y ofrece la posibilidad de acercarse al lenguaje musical.[\/vc_column_text][vc_empty_space][vc_gallery type=\u00bbimage_grid\u00bb images=\u00bb3295,3296&#8243; img_size=\u00bbfull\u00bb column_number=\u00bb2&#8243; grayscale=\u00bbno\u00bb images_space=\u00bbgallery_without_space\u00bb]    <\/div>\n<\/div><h4 class=\"clearfix qode-title-holder\">\n<span class=\"qode-tab-title\">\n\t    <span class=\"qode-tab-title-inner\">\n        TECNOLOG\u00cdAS    <\/span>\n<\/span>\n<span class=\"qode-accordion-mark\">\n    <span class=\"qode-accordion-mark-icon\">\n        <span class=\"icon_plus\"><\/span>\n        <span class=\"icon_minus-06\"><\/span>\n    <\/span>\n<\/span>\n<\/h4>\n<div  class=\"qode-accordion-content \" >\n    <div class=\"qode-accordion-content-inner\">\n        [vc_column_text]Desde la escuela queremos que nuestros alumnos adquieran competencia digital a lo largo de su etapa acad\u00e9mica. Y por eso fomentamos y trabajamos con \u00e1mbitos y materias relacionadas con la tecnolog\u00eda. Ofrecemos estos contenidos a las optativas de retos de f\u00edsica y qu\u00edmica, tecnolog\u00eda y cultura y comunicaci\u00f3n audiovisual.[\/vc_column_text][vc_empty_space][vc_gallery type=\u00bbimage_grid\u00bb images=\u00bb3297,3298,3299&#8243; img_size=\u00bbfull\u00bb column_number=\u00bb3&#8243; grayscale=\u00bbno\u00bb images_space=\u00bbgallery_without_space\u00bb]    <\/div>\n<\/div><h4 class=\"clearfix qode-title-holder\">\n<span class=\"qode-tab-title\">\n\t    <span class=\"qode-tab-title-inner\">\n        COMPROMISO CON EL MUNDO    <\/span>\n<\/span>\n<span class=\"qode-accordion-mark\">\n    <span class=\"qode-accordion-mark-icon\">\n        <span class=\"icon_plus\"><\/span>\n        <span class=\"icon_minus-06\"><\/span>\n    <\/span>\n<\/span>\n<\/h4>\n<div  class=\"qode-accordion-content \" >\n    <div class=\"qode-accordion-content-inner\">\n        [vc_column_text]Fomentamos la educaci\u00f3n en valores (somos Escuela UNESCO) y trabajamos de forma especial la sostenibilidad y la solidaridad. Queremos alumnos sensibles ante el cuidado de uno mismo, del otro y&nbsp; de nuestro planeta. Potenciamos actividades y campa\u00f1as solidarias para favorecer la importancia del voluntariado en nuestra sociedad.[\/vc_column_text][vc_empty_space][vc_gallery type=\u00bbimage_grid\u00bb images=\u00bb3300,3301,3302&#8243; img_size=\u00bbfull\u00bb column_number=\u00bb3&#8243; grayscale=\u00bbno\u00bb images_space=\u00bbgallery_without_space\u00bb]    <\/div>\n<\/div><h4 class=\"clearfix qode-title-holder\">\n<span class=\"qode-tab-title\">\n\t    <span class=\"qode-tab-title-inner\">\n        NOS COMPROMETEMOS    <\/span>\n<\/span>\n<span class=\"qode-accordion-mark\">\n    <span class=\"qode-accordion-mark-icon\">\n        <span class=\"icon_plus\"><\/span>\n        <span class=\"icon_minus-06\"><\/span>\n    <\/span>\n<\/span>\n<\/h4>\n<div  class=\"qode-accordion-content \" >\n    <div class=\"qode-accordion-content-inner\">\n        [vc_column_text]El proyecto \u00abNos comprometemos\u00bb es un espacio de colaboraci\u00f3n entre nuestro alumnado y las diferentes entidades de transformaci\u00f3n social de nuestro entorno: atenci\u00f3n a las personas desfavorecidas, acompa\u00f1amiento a personas de las residencias y colaboraciones con C\u00e1ritas.[\/vc_column_text][vc_empty_space][vc_gallery type=\u00bbimage_grid\u00bb images=\u00bb3303,3304&#8243; img_size=\u00bbfull\u00bb column_number=\u00bb2&#8243; grayscale=\u00bbno\u00bb images_space=\u00bbgallery_without_space\u00bb]    <\/div>\n<\/div><\/div>[\/vc_column][\/vc_row][vc_row css_animation=\u00bb\u00bb row_type=\u00bbrow\u00bb use_row_as_full_screen_section=\u00bbno\u00bb type=\u00bbfull_width\u00bb angled_section=\u00bbno\u00bb text_align=\u00bbleft\u00bb background_image_as_pattern=\u00bbwithout_pattern\u00bb][vc_column][vc_empty_space height=\u00bb90px\u00bb][\/vc_column][\/vc_row][vc_row css_animation=\u00bb\u00bb row_type=\u00bbrow\u00bb use_row_as_full_screen_section=\u00bbno\u00bb type=\u00bbfull_width\u00bb angled_section=\u00bbno\u00bb text_align=\u00bbleft\u00bb background_image_as_pattern=\u00bbwithout_pattern\u00bb][vc_column][vc_gallery type=\u00bbimage_grid\u00bb images=\u00bb3085,3086,3087,3088&#8243; img_size=\u00bbfull\u00bb column_number=\u00bb4&#8243; grayscale=\u00bbno\u00bb images_space=\u00bbgallery_without_space\u00bb][\/vc_column][\/vc_row]<\/p>\n","protected":false},"excerpt":{"rendered":"<p>[vc_row css_animation=\u00bb\u00bb row_type=\u00bbrow\u00bb use_row_as_full_screen_section=\u00bbno\u00bb type=\u00bbfull_width\u00bb angled_section=\u00bbno\u00bb text_align=\u00bbleft\u00bb background_image_as_pattern=\u00bbwithout_pattern\u00bb][vc_column][\/vc_column][\/vc_row][vc_row css_animation=\u00bb\u00bb row_type=\u00bbrow\u00bb use_row_as_full_screen_section=\u00bbno\u00bb type=\u00bbfull_width\u00bb angled_section=\u00bbno\u00bb text_align=\u00bbleft\u00bb background_image_as_pattern=\u00bbwithout_pattern\u00bb][vc_column][qode_elements_holder number_of_columns=\u00bbtwo_columns\u00bb][qode_elements_holder_item advanced_animations=\u00bbno\u00bb][vc_single_image image=\u00bb3177&#8243; img_size=\u00bbfull\u00bb qode_css_animation=\u00bb\u00bb][\/qode_elements_holder_item][qode_elements_holder_item advanced_animations=\u00bbno\u00bb item_padding=\u00bb0px 30px 0px 30px\u00bb][vc_column_text] Bachillerato &nbsp; Personas transformadoras de nuestra sociedad. &nbsp; La etapa del Bachillerato (16 a 18 a\u00f1os) es la m\u00e1s importante&#8230;<\/p>\n","protected":false},"author":1,"featured_media":0,"parent":0,"menu_order":0,"comment_status":"closed","ping_status":"closed","template":"full_width.php","meta":{"ngg_post_thumbnail":0,"footnotes":""},"class_list":["post-3533","page","type-page","status-publish","hentry"],"_links":{"self":[{"href":"https:\/\/gracia.escolateresiana.com\/es\/wp-json\/wp\/v2\/pages\/3533","targetHints":{"allow":["GET"]}}],"collection":[{"href":"https:\/\/gracia.escolateresiana.com\/es\/wp-json\/wp\/v2\/pages"}],"about":[{"href":"https:\/\/gracia.escolateresiana.com\/es\/wp-json\/wp\/v2\/types\/page"}],"author":[{"embeddable":true,"href":"https:\/\/gracia.escolateresiana.com\/es\/wp-json\/wp\/v2\/users\/1"}],"replies":[{"embeddable":true,"href":"https:\/\/gracia.escolateresiana.com\/es\/wp-json\/wp\/v2\/comments?post=3533"}],"version-history":[{"count":8,"href":"https:\/\/gracia.escolateresiana.com\/es\/wp-json\/wp\/v2\/pages\/3533\/revisions"}],"predecessor-version":[{"id":4519,"href":"https:\/\/gracia.escolateresiana.com\/es\/wp-json\/wp\/v2\/pages\/3533\/revisions\/4519"}],"wp:attachment":[{"href":"https:\/\/gracia.escolateresiana.com\/es\/wp-json\/wp\/v2\/media?parent=3533"}],"curies":[{"name":"wp","href":"https:\/\/api.w.org\/{rel}","templated":true}]}}