{"id":3553,"date":"2022-11-09T08:42:28","date_gmt":"2022-11-09T08:42:28","guid":{"rendered":"https:\/\/gracia.escolateresiana.com\/herramientas-tecnologicas\/"},"modified":"2024-03-12T09:54:48","modified_gmt":"2024-03-12T09:54:48","slug":"herramientas-tecnologicas","status":"publish","type":"page","link":"https:\/\/gracia.escolateresiana.com\/es\/herramientas-tecnologicas\/","title":{"rendered":"Herramientas tecnol\u00f3gicas"},"content":{"rendered":"<p>[vc_row css_animation=\u00bb\u00bb row_type=\u00bbrow\u00bb use_row_as_full_screen_section=\u00bbno\u00bb type=\u00bbfull_width\u00bb angled_section=\u00bbno\u00bb text_align=\u00bbleft\u00bb background_image_as_pattern=\u00bbwithout_pattern\u00bb css=\u00bb.vc_custom_1669019966897{background-color: #ffffff !important;}\u00bb z_index=\u00bb\u00bb][vc_column][qode_elements_holder number_of_columns=\u00bbtwo_columns\u00bb][qode_elements_holder_item advanced_animations=\u00bbno\u00bb][vc_single_image image=\u00bb3124&#8243; img_size=\u00bbfull\u00bb qode_css_animation=\u00bb\u00bb][\/qode_elements_holder_item][qode_elements_holder_item advanced_animations=\u00bbno\u00bb item_padding=\u00bb0px 30px 0px 30px\u00bb][vc_column_text]<\/p>\n<div>\n<h2><span style=\"font-weight: 400;\">PROYECTO DIGITAL<\/span><\/h2>\n<h4>&nbsp;<\/h4>\n<h4><span style=\"font-weight: 400;\">TECNOLOG\u00cdAS DE LA INFORMACI\u00d3N, LA COMUNICACI\u00d3N, DEL APRENDIZAJE Y EL CONOCIMIENTO<\/span><\/h4>\n<p>&nbsp;<\/p>\n<p>El desarrollo de la <strong>competencia digital<\/strong> por parte de nuestros alumnos se convierte en uno de los grandes objetivos de la escuela. Las <strong>herramientas digitales<\/strong> son fundamentales para el aprendizaje de los saberes y son imprescindibles para la sociedad de nuestro entorno. Adem\u00e1s, pretendemos que el alumnado aprenda a hacer <strong>uso responsable de estas herramientas<\/strong>, que nos permiten eliminar barreras, favorecen la conexi\u00f3n y nos ofrecen la posibilidad de trabajar como escuelas abiertas a el mundo.<\/p>\n<\/div>\n<div>&nbsp;<\/div>\n<div>&nbsp;<\/div>\n<div>\n<h2><span style=\"font-weight: 400;\"><span lang=\"es\"><img loading=\"lazy\" decoding=\"async\" class=\"size-full wp-image-1298 alignleft\" src=\"https:\/\/gracia.escolateresiana.com\/wp-content\/uploads\/2022\/11\/educacion-digital.jpg\" alt=\"\" width=\"251\" height=\"89\"><\/span><\/span><\/h2>\n<\/div>\n<p>[\/vc_column_text][\/qode_elements_holder_item][\/qode_elements_holder][\/vc_column][\/vc_row][vc_row css_animation=\u00bb\u00bb row_type=\u00bbrow\u00bb use_row_as_full_screen_section=\u00bbno\u00bb type=\u00bbfull_width\u00bb angled_section=\u00bbno\u00bb text_align=\u00bbleft\u00bb background_image_as_pattern=\u00bbwithout_pattern\u00bb z_index=\u00bb\u00bb css=\u00bb.vc_custom_1673432544889{background-image: url(https:\/\/gracia.escolateresiana.com\/wp-content\/uploads\/2022\/05\/fondo.png?id=704) !important;}\u00bb padding_bottom=\u00bb60&#8243;][vc_column][vc_empty_space height=\u00bb80px\u00bb][vc_row_inner row_type=\u00bbrow\u00bb type=\u00bbgrid\u00bb text_align=\u00bbleft\u00bb css_animation=\u00bbelement_from_top\u00bb][vc_column_inner width=\u00bb1\/2&#8243;]<div class=\"q_box_holder with_icon\" style=\"background-color: rgba(255,255,255,0.6);\"><div class=\"box_holder_icon\"><div class=\"box_holder_icon_inner very_large image \" style=\"\"><img decoding=\"async\" itemprop=\"image\" style=\"\" src=\"https:\/\/gracia.escolateresiana.com\/wp-content\/uploads\/2022\/11\/22.png\" alt=\"\"><\/div><\/div><div class=\"box_holder_inner very_large center\"><h3 class=\"icon_title\" style=\"color: #45ac34;\">COMPETENCIA DIGITAL<\/h3><span class=\"separator transparent\" style=\"margin: 8px 0;\"><\/span><p style=\"\">Nuestro gran objetivo es que el alumnado sea digitalmente competente al finalizar su etapa escolar. Desde peque\u00f1os se trabaja con diferentes herramientas digitales para que, de forma gradual, vayan aprendiendo a manipular software diverso que les ayudar\u00e1 en su proceso de aprendizaje. Esta competencia se ir\u00e1 adquiriendo desde cualquier \u00e1mbito educativo, interdisciplinar y competencial, y s\u00f3lo pretende ser una herramienta m\u00e1s en la senda de crecimiento del alumnado.<\/p><\/div><\/div>[\/vc_column_inner][vc_column_inner width=\u00bb1\/2&#8243;]<div class=\"q_box_holder with_icon\" style=\"background-color: rgba(255,255,255,0.6);\"><div class=\"box_holder_icon\"><div class=\"box_holder_icon_inner very_large image \" style=\"\"><img decoding=\"async\" itemprop=\"image\" style=\"\" src=\"https:\/\/gracia.escolateresiana.com\/wp-content\/uploads\/2022\/11\/11.png\" alt=\"\"><\/div><\/div><div class=\"box_holder_inner very_large center\"><h3 class=\"icon_title\" style=\"color: #45ac34;\">ROB\u00d3TICA, PROGRAMACI\u00d3N E IMPRESI\u00d3N 3D<\/h3><span class=\"separator transparent\" style=\"margin: 8px 0;\"><\/span><p style=\"\">Desde peque\u00f1os se inician ya en el mundo de la rob\u00f3tica educativa. El desarrollo del pensamiento l\u00f3gico y las habilidades psicomotrices en la etapa de Educaci\u00f3n Infantil permitir\u00e1n mayor creatividad en etapas posteriores. El uso de los robots BeeBots les ayuda en esta tarea inicial. A partir de Primaria, se introduce la construcci\u00f3n con Lego Education y se realizan los primeros pasos en el mundo de la programaci\u00f3n. En Secundaria se contin\u00faa en esta l\u00ednea y se a\u00f1ade la impresi\u00f3n 3D, despertando por completo su ingenio y creatividad con la nueva tecnolog\u00eda que los prepara para el futuro.<\/p><\/div><\/div>[\/vc_column_inner][\/vc_row_inner][vc_empty_space height=\u00bb80px\u00bb][vc_row_inner row_type=\u00bbrow\u00bb type=\u00bbgrid\u00bb text_align=\u00bbleft\u00bb css_animation=\u00bbelement_from_bottom\u00bb][vc_column_inner width=\u00bb1\/2&#8243;]<div class=\"q_box_holder with_icon\" style=\"background-color: rgba(255,255,255,0.6);\"><div class=\"box_holder_icon\"><div class=\"box_holder_icon_inner very_large image \" style=\"\"><img decoding=\"async\" itemprop=\"image\" style=\"\" src=\"https:\/\/gracia.escolateresiana.com\/wp-content\/uploads\/2022\/11\/33.png\" alt=\"\"><\/div><\/div><div class=\"box_holder_inner very_large center\"><h3 class=\"icon_title\" style=\"color: #45ac34;\">EQUIPAMIENTO<\/h3><span class=\"separator transparent\" style=\"margin: 8px 0;\"><\/span><p style=\"\">Nuestras aulas est\u00e1n equipadas con pizarras digitales o pantallas y ordenadores. Y a partir de 5\u00ba de Primaria, los alumnos cuentan con dispositivos de uso personal, como una herramienta m\u00e1s en su proceso de aprendizaje.<\/p><\/div><\/div>[\/vc_column_inner][vc_column_inner width=\u00bb1\/2&#8243;]<div class=\"q_box_holder with_icon\" style=\"background-color: rgba(255,255,255,0.6);\"><div class=\"box_holder_icon\"><div class=\"box_holder_icon_inner very_large image \" style=\"\"><img decoding=\"async\" itemprop=\"image\" style=\"\" src=\"https:\/\/gracia.escolateresiana.com\/wp-content\/uploads\/2022\/11\/44.png\" alt=\"\"><\/div><\/div><div class=\"box_holder_inner very_large center\"><h3 class=\"icon_title\" style=\"color: #45ac34;\">RESPONSABILIDAD DIGITAL<\/h3><span class=\"separator transparent\" style=\"margin: 8px 0;\"><\/span><p style=\"\">Fomentamos y potenciamos en nuestros alumnos el uso seguro y responsable de la red, as\u00ed como de las distintas herramientas digitales de las que disponen. Les dejamos bien claro que son una herramienta m\u00e1s y no la \u00fanica herramienta de aprendizaje y que les ayudar\u00e1 en su desarrollo de la competencia digital. Para velar por esta responsabilidad ofrecemos a nuestros alumnos a partir de 5\u00ba de Primaria charlas y\/o actividades destinadas a trabajar la seguridad en la red por parte de diferentes cuerpos de seguridad de la ciudad de Barcelona.<\/p><\/div><\/div>[\/vc_column_inner][\/vc_row_inner][vc_empty_space height=\u00bb50px\u00bb][\/vc_column][\/vc_row][vc_row css_animation=\u00bb\u00bb row_type=\u00bbrow\u00bb use_row_as_full_screen_section=\u00bbno\u00bb type=\u00bbfull_width\u00bb angled_section=\u00bbno\u00bb text_align=\u00bbleft\u00bb background_image_as_pattern=\u00bbwithout_pattern\u00bb][vc_column][vc_gallery type=\u00bbimage_grid\u00bb images=\u00bb3125,3126,3127,3128&#8243; img_size=\u00bbfull\u00bb column_number=\u00bb4&#8243; grayscale=\u00bbno\u00bb images_space=\u00bbgallery_without_space\u00bb][\/vc_column][\/vc_row]<\/p>\n","protected":false},"excerpt":{"rendered":"<p>[vc_row css_animation=\u00bb\u00bb row_type=\u00bbrow\u00bb use_row_as_full_screen_section=\u00bbno\u00bb type=\u00bbfull_width\u00bb angled_section=\u00bbno\u00bb text_align=\u00bbleft\u00bb background_image_as_pattern=\u00bbwithout_pattern\u00bb css=\u00bb.vc_custom_1669019966897{background-color: #ffffff !important;}\u00bb z_index=\u00bb\u00bb][vc_column][qode_elements_holder number_of_columns=\u00bbtwo_columns\u00bb][qode_elements_holder_item advanced_animations=\u00bbno\u00bb][vc_single_image image=\u00bb3124&#8243; img_size=\u00bbfull\u00bb qode_css_animation=\u00bb\u00bb][\/qode_elements_holder_item][qode_elements_holder_item advanced_animations=\u00bbno\u00bb item_padding=\u00bb0px 30px 0px 30px\u00bb][vc_column_text] PROYECTO DIGITAL &nbsp; TECNOLOG\u00cdAS DE LA INFORMACI\u00d3N, LA COMUNICACI\u00d3N, DEL APRENDIZAJE Y EL CONOCIMIENTO &nbsp; El desarrollo de la competencia digital por parte&#8230;<\/p>\n","protected":false},"author":1,"featured_media":0,"parent":0,"menu_order":0,"comment_status":"closed","ping_status":"closed","template":"full_width.php","meta":{"ngg_post_thumbnail":0,"footnotes":""},"class_list":["post-3553","page","type-page","status-publish","hentry"],"_links":{"self":[{"href":"https:\/\/gracia.escolateresiana.com\/es\/wp-json\/wp\/v2\/pages\/3553","targetHints":{"allow":["GET"]}}],"collection":[{"href":"https:\/\/gracia.escolateresiana.com\/es\/wp-json\/wp\/v2\/pages"}],"about":[{"href":"https:\/\/gracia.escolateresiana.com\/es\/wp-json\/wp\/v2\/types\/page"}],"author":[{"embeddable":true,"href":"https:\/\/gracia.escolateresiana.com\/es\/wp-json\/wp\/v2\/users\/1"}],"replies":[{"embeddable":true,"href":"https:\/\/gracia.escolateresiana.com\/es\/wp-json\/wp\/v2\/comments?post=3553"}],"version-history":[{"count":5,"href":"https:\/\/gracia.escolateresiana.com\/es\/wp-json\/wp\/v2\/pages\/3553\/revisions"}],"predecessor-version":[{"id":3810,"href":"https:\/\/gracia.escolateresiana.com\/es\/wp-json\/wp\/v2\/pages\/3553\/revisions\/3810"}],"wp:attachment":[{"href":"https:\/\/gracia.escolateresiana.com\/es\/wp-json\/wp\/v2\/media?parent=3553"}],"curies":[{"name":"wp","href":"https:\/\/api.w.org\/{rel}","templated":true}]}}